{"id":1328,"date":"2025-09-06T17:26:56","date_gmt":"2025-09-06T17:26:56","guid":{"rendered":"https:\/\/sudaylaw.com\/?page_id=1328"},"modified":"2026-05-12T15:45:43","modified_gmt":"2026-05-12T15:45:43","slug":"antuan-cano","status":"publish","type":"page","link":"https:\/\/sudaylaw.com\/es\/antuan-cano\/","title":{"rendered":"Antuan Cano"},"content":{"rendered":"<div data-elementor-type=\"wp-page\" data-elementor-id=\"1328\" class=\"elementor elementor-1328\" data-elementor-post-type=\"page\">\n\t\t\t\t<div class=\"elementor-element elementor-element-a6d4b25 e-flex e-con-boxed e-con e-parent\" data-id=\"a6d4b25\" data-element_type=\"container\" data-e-type=\"container\">\n\t\t\t\t\t<div class=\"e-con-inner\">\n\t\t<div class=\"elementor-element elementor-element-39804bd e-con-full e-flex e-con e-child\" data-id=\"39804bd\" data-element_type=\"container\" data-e-type=\"container\">\n\t\t<div class=\"elementor-element elementor-element-e6e2112 e-con-full e-flex e-con e-child\" data-id=\"e6e2112\" data-element_type=\"container\" data-e-type=\"container\">\n\t\t\t\t<div class=\"elementor-element elementor-element-97f72c6 elementor-widget elementor-widget-heading\" data-id=\"97f72c6\" data-element_type=\"widget\" data-e-type=\"widget\" data-widget_type=\"heading.default\">\n\t\t\t\t<div class=\"elementor-widget-container\">\n\t\t\t\t\t<h1 class=\"elementor-heading-title elementor-size-default\">Antuan Cano<\/h1>\t\t\t\t<\/div>\n\t\t\t\t<\/div>\n\t\t\t\t<div class=\"elementor-element elementor-element-5e89785 elementor-icon-list--layout-traditional elementor-list-item-link-full_width elementor-widget elementor-widget-icon-list\" data-id=\"5e89785\" data-element_type=\"widget\" data-e-type=\"widget\" data-widget_type=\"icon-list.default\">\n\t\t\t\t<div class=\"elementor-widget-container\">\n\t\t\t\t\t\t\t<ul class=\"elementor-icon-list-items\">\n\t\t\t\t\t\t\t<li class=\"elementor-icon-list-item\">\n\t\t\t\t\t\t\t\t\t\t<span class=\"elementor-icon-list-text\">Abogado -  Suday Law PLLC<\/span>\n\t\t\t\t\t\t\t\t\t<\/li>\n\t\t\t\t\t\t<\/ul>\n\t\t\t\t\t\t<\/div>\n\t\t\t\t<\/div>\n\t\t\t\t<div class=\"elementor-element elementor-element-0d0bd40 elementor-widget elementor-widget-text-editor\" data-id=\"0d0bd40\" data-element_type=\"widget\" data-e-type=\"widget\" data-widget_type=\"text-editor.default\">\n\t\t\t\t<div class=\"elementor-widget-container\">\n\t\t\t\t\t\t\t\t\t<p>Antuan Cano es un abogado resiliente y determinado en Suday Law, donde se ha dedicado plenamente a la pr\u00e1ctica del derecho de inmigraci\u00f3n. Obtuvo su t\u00edtulo de Juris Doctor en South Texas College of Law Houston en 2021 y fue admitido en el Colegio de Abogados de Texas en 2022.<\/p><p>Antes de enfocar su carrera en inmigraci\u00f3n, Antuan adquiri\u00f3 valiosa experiencia en derecho de familia, defensa penal y litigios civiles. Esta amplia trayectoria fortaleci\u00f3 sus habilidades de defensa y le permite abordar los casos de inmigraci\u00f3n con una comprensi\u00f3n integral del sistema legal.<\/p>\t\t\t\t\t\t\t\t<\/div>\n\t\t\t\t<\/div>\n\t\t\t\t<\/div>\n\t\t<div class=\"elementor-element elementor-element-5bfffaf e-con-full e-flex e-con e-child\" data-id=\"5bfffaf\" data-element_type=\"container\" data-e-type=\"container\">\n\t\t\t\t<div class=\"elementor-element elementor-element-8987fcd elementor-widget elementor-widget-image\" data-id=\"8987fcd\" data-element_type=\"widget\" data-e-type=\"widget\" data-widget_type=\"image.default\">\n\t\t\t\t<div class=\"elementor-widget-container\">\n\t\t\t\t\t\t\t\t\t\t\t\t\t\t\t<img fetchpriority=\"high\" decoding=\"async\" width=\"800\" height=\"1000\" src=\"https:\/\/sudaylaw.com\/wp-content\/uploads\/2025\/09\/Antuan-Cano-819x1024.jpg\" class=\"attachment-large size-large wp-image-1323\" alt=\"\" srcset=\"https:\/\/sudaylaw.com\/wp-content\/uploads\/2025\/09\/Antuan-Cano-819x1024.jpg 819w, https:\/\/sudaylaw.com\/wp-content\/uploads\/2025\/09\/Antuan-Cano-240x300.jpg 240w, https:\/\/sudaylaw.com\/wp-content\/uploads\/2025\/09\/Antuan-Cano-768x960.jpg 768w, https:\/\/sudaylaw.com\/wp-content\/uploads\/2025\/09\/Antuan-Cano-10x12.jpg 10w, https:\/\/sudaylaw.com\/wp-content\/uploads\/2025\/09\/Antuan-Cano.jpg 1200w\" sizes=\"(max-width: 800px) 100vw, 800px\" \/>\t\t\t\t\t\t\t\t\t\t\t\t\t\t\t<\/div>\n\t\t\t\t<\/div>\n\t\t\t\t<\/div>\n\t\t\t\t<div class=\"elementor-element elementor-element-a04ebda elementor-widget elementor-widget-text-editor\" data-id=\"a04ebda\" data-element_type=\"widget\" data-e-type=\"widget\" data-widget_type=\"text-editor.default\">\n\t\t\t\t<div class=\"elementor-widget-container\">\n\t\t\t\t\t\t\t\t\t<p>El camino de Antuan hacia la abogac\u00eda est\u00e1 profundamente enraizado en el servicio y la disciplina. Como orgulloso ex-infante de Marina de los Estados Unidos, aprendi\u00f3 los valores de integridad, perseverancia y compromiso con los dem\u00e1s, cualidades que hoy definen su labor como abogado. Los clientes pueden confiar en que les brindar\u00e1 el mismo nivel de dedicaci\u00f3n con el que sirvi\u00f3 a su pa\u00eds: luchar incansablemente, mantenerse firme bajo presi\u00f3n y nunca rendirse en la b\u00fasqueda de justicia.<\/p><p>Su pasi\u00f3n por el derecho de inmigraci\u00f3n comenz\u00f3 mientras trabajaba como asistente legal manejando una amplia y compleja carga de casos, y se profundiz\u00f3 durante su tiempo en la Cl\u00ednica de Inmigraci\u00f3n de South Texas College of Law Houston, donde conoci\u00f3 por primera vez al fundador de la firma, Jes\u00fas Suday.<\/p><p>Desde entonces, Antuan ha representado a clientes en casos de detenci\u00f3n y de peticiones familiares, con un historial de reunir familias y protegerlas de la separaci\u00f3n.<\/p><p>Fluido en espa\u00f1ol y con experiencia viviendo en el extranjero, Antuan aporta conciencia cultural y empat\u00eda a cada caso. Es directo y transparente con sus clientes, estableciendo expectativas realistas mientras trabaja con esmero para lograr el mejor resultado posible.<br \/>Para las personas y familias que enfrentan desaf\u00edos migratorios, Antuan no es solo un abogado: es un defensor moldeado por el servicio, la disciplina y un compromiso inquebrantable de proteger a quienes conf\u00edan en \u00e9l.<\/p>\t\t\t\t\t\t\t\t<\/div>\n\t\t\t\t<\/div>\n\t\t\t\t<\/div>\n\t\t<div class=\"elementor-element elementor-element-6f06f19 e-con-full elementor-hidden-tablet elementor-hidden-mobile e-flex e-con e-child\" data-id=\"6f06f19\" data-element_type=\"container\" data-e-type=\"container\">\n\t\t<div class=\"elementor-element elementor-element-fab854f e-con-full e-flex e-con e-child\" data-id=\"fab854f\" data-element_type=\"container\" data-e-type=\"container\" data-settings=\"{&quot;background_background&quot;:&quot;classic&quot;}\">\n\t\t\t\t<div class=\"elementor-element elementor-element-944b621 elementor-widget elementor-widget-image\" data-id=\"944b621\" data-element_type=\"widget\" data-e-type=\"widget\" data-widget_type=\"image.default\">\n\t\t\t\t<div class=\"elementor-widget-container\">\n\t\t\t\t\t\t\t\t\t\t\t\t\t\t\t<img decoding=\"async\" width=\"421\" height=\"263\" src=\"https:\/\/sudaylaw.com\/wp-content\/uploads\/2025\/07\/Suday-Law-PLLC-Black-Logo1.jpg\" class=\"attachment-large size-large wp-image-1030\" alt=\"Suday Law Logo\" srcset=\"https:\/\/sudaylaw.com\/wp-content\/uploads\/2025\/07\/Suday-Law-PLLC-Black-Logo1.jpg 421w, https:\/\/sudaylaw.com\/wp-content\/uploads\/2025\/07\/Suday-Law-PLLC-Black-Logo1-300x187.jpg 300w, https:\/\/sudaylaw.com\/wp-content\/uploads\/2025\/07\/Suday-Law-PLLC-Black-Logo1-18x12.jpg 18w\" sizes=\"(max-width: 421px) 100vw, 421px\" \/>\t\t\t\t\t\t\t\t\t\t\t\t\t\t\t<\/div>\n\t\t\t\t<\/div>\n\t\t\t\t<div class=\"elementor-element elementor-element-2596419 elementor-widget elementor-widget-heading\" data-id=\"2596419\" data-element_type=\"widget\" data-e-type=\"widget\" data-widget_type=\"heading.default\">\n\t\t\t\t<div class=\"elementor-widget-container\">\n\t\t\t\t\t<h2 class=\"elementor-heading-title elementor-size-default\">Agenda una evaluaci\u00f3n de tu caso<\/h2>\t\t\t\t<\/div>\n\t\t\t\t<\/div>\n\t\t\t\t<div class=\"elementor-element elementor-element-8873340 elementor-widget elementor-widget-heading\" data-id=\"8873340\" data-element_type=\"widget\" data-e-type=\"widget\" data-widget_type=\"heading.default\">\n\t\t\t\t<div class=\"elementor-widget-container\">\n\t\t\t\t\t<h2 class=\"elementor-heading-title elementor-size-default\">ll\u00e1manos<\/h2>\t\t\t\t<\/div>\n\t\t\t\t<\/div>\n\t\t\t\t<div class=\"elementor-element elementor-element-8df6565 elementor-widget elementor-widget-heading\" data-id=\"8df6565\" data-element_type=\"widget\" data-e-type=\"widget\" data-widget_type=\"heading.default\">\n\t\t\t\t<div class=\"elementor-widget-container\">\n\t\t\t\t\t<h2 class=\"elementor-heading-title elementor-size-default\"><a href=\"tel:+13464904520\">+1 (346) 490-4520<\/a><\/h2>\t\t\t\t<\/div>\n\t\t\t\t<\/div>\n\t\t\t\t<\/div>\n\t\t\t\t<div class=\"elementor-element elementor-element-0ba5af3 elementor-widget elementor-widget-heading\" data-id=\"0ba5af3\" data-element_type=\"widget\" data-e-type=\"widget\" data-widget_type=\"heading.default\">\n\t\t\t\t<div class=\"elementor-widget-container\">\n\t\t\t\t\t<h2 class=\"elementor-heading-title elementor-size-default\">Areas de pr\u00e1ctica<\/h2>\t\t\t\t<\/div>\n\t\t\t\t<\/div>\n\t\t\t\t<div class=\"elementor-element elementor-element-a59ac01 elementor-icon-list--layout-traditional elementor-list-item-link-full_width elementor-widget elementor-widget-icon-list\" data-id=\"a59ac01\" data-element_type=\"widget\" data-e-type=\"widget\" data-widget_type=\"icon-list.default\">\n\t\t\t\t<div class=\"elementor-widget-container\">\n\t\t\t\t\t\t\t<ul class=\"elementor-icon-list-items\">\n\t\t\t\t\t\t\t<li class=\"elementor-icon-list-item\">\n\t\t\t\t\t\t\t\t\t\t\t<span class=\"elementor-icon-list-icon\">\n\t\t\t\t\t\t\t<svg aria-hidden=\"true\" class=\"e-font-icon-svg e-fas-dot-circle\" viewbox=\"0 0 512 512\" xmlns=\"http:\/\/www.w3.org\/2000\/svg\"><path d=\"M256 8C119.033 8 8 119.033 8 256s111.033 248 248 248 248-111.033 248-248S392.967 8 256 8zm80 248c0 44.112-35.888 80-80 80s-80-35.888-80-80 35.888-80 80-80 80 35.888 80 80z\"><\/path><\/svg>\t\t\t\t\t\t<\/span>\n\t\t\t\t\t\t\t\t\t\t<span class=\"elementor-icon-list-text\">Ley de inmigraci\u00f3n<\/span>\n\t\t\t\t\t\t\t\t\t<\/li>\n\t\t\t\t\t\t\t\t<li class=\"elementor-icon-list-item\">\n\t\t\t\t\t\t\t\t\t\t\t<span class=\"elementor-icon-list-icon\">\n\t\t\t\t\t\t\t<svg aria-hidden=\"true\" class=\"e-font-icon-svg e-fas-dot-circle\" viewbox=\"0 0 512 512\" xmlns=\"http:\/\/www.w3.org\/2000\/svg\"><path d=\"M256 8C119.033 8 8 119.033 8 256s111.033 248 248 248 248-111.033 248-248S392.967 8 256 8zm80 248c0 44.112-35.888 80-80 80s-80-35.888-80-80 35.888-80 80-80 80 35.888 80 80z\"><\/path><\/svg>\t\t\t\t\t\t<\/span>\n\t\t\t\t\t\t\t\t\t\t<span class=\"elementor-icon-list-text\">lesiones personales<\/span>\n\t\t\t\t\t\t\t\t\t<\/li>\n\t\t\t\t\t\t\t\t<li class=\"elementor-icon-list-item\">\n\t\t\t\t\t\t\t\t\t\t\t<span class=\"elementor-icon-list-icon\">\n\t\t\t\t\t\t\t<svg aria-hidden=\"true\" class=\"e-font-icon-svg e-fas-dot-circle\" viewbox=\"0 0 512 512\" xmlns=\"http:\/\/www.w3.org\/2000\/svg\"><path d=\"M256 8C119.033 8 8 119.033 8 256s111.033 248 248 248 248-111.033 248-248S392.967 8 256 8zm80 248c0 44.112-35.888 80-80 80s-80-35.888-80-80 35.888-80 80-80 80 35.888 80 80z\"><\/path><\/svg>\t\t\t\t\t\t<\/span>\n\t\t\t\t\t\t\t\t\t\t<span class=\"elementor-icon-list-text\">Litigios Civiles <\/span>\n\t\t\t\t\t\t\t\t\t<\/li>\n\t\t\t\t\t\t<\/ul>\n\t\t\t\t\t\t<\/div>\n\t\t\t\t<\/div>\n\t\t\t\t<\/div>\n\t\t\t\t\t<\/div>\n\t\t\t\t<\/div>\n\t\t\t\t<section class=\"elementor-section elementor-top-section elementor-element elementor-element-1d188fc elementor-section-boxed elementor-section-height-default elementor-section-height-default elementor-invisible\" data-id=\"1d188fc\" data-element_type=\"section\" data-e-type=\"section\" data-settings=\"{&quot;background_background&quot;:&quot;classic&quot;,&quot;shape_divider_top&quot;:&quot;arrow&quot;,&quot;animation&quot;:&quot;fadeInUp&quot;}\">\n\t\t\t\t\t\t\t<div class=\"elementor-background-overlay\"><\/div>\n\t\t\t\t\t\t<div class=\"elementor-shape elementor-shape-top\" aria-hidden=\"true\" data-negative=\"false\">\n\t\t\t<svg xmlns=\"http:\/\/www.w3.org\/2000\/svg\" viewbox=\"0 0 700 10\" preserveaspectratio=\"none\">\n\t<path class=\"elementor-shape-fill\" d=\"M350,10L340,0h20L350,10z\"\/>\n<\/svg>\t\t<\/div>\n\t\t\t\t\t<div class=\"elementor-container elementor-column-gap-default\">\n\t\t\t\t\t<div class=\"elementor-column elementor-col-100 elementor-top-column elementor-element elementor-element-2d620f2\" data-id=\"2d620f2\" data-element_type=\"column\" data-e-type=\"column\">\n\t\t\t<div class=\"elementor-widget-wrap elementor-element-populated\">\n\t\t\t\t\t\t<div class=\"elementor-element elementor-element-ef86318 elementor-widget elementor-widget-heading\" data-id=\"ef86318\" data-element_type=\"widget\" data-e-type=\"widget\" data-widget_type=\"heading.default\">\n\t\t\t\t<div class=\"elementor-widget-container\">\n\t\t\t\t\t<h2 class=\"elementor-heading-title elementor-size-default\">No dejes que las incertidumbres legales te detengan<\/h2>\t\t\t\t<\/div>\n\t\t\t\t<\/div>\n\t\t\t\t<div class=\"elementor-element elementor-element-4e8bf04 elementor-widget elementor-widget-heading\" data-id=\"4e8bf04\" data-element_type=\"widget\" data-e-type=\"widget\" data-widget_type=\"heading.default\">\n\t\t\t\t<div class=\"elementor-widget-container\">\n\t\t\t\t\t<h2 class=\"elementor-heading-title elementor-size-default\">Agenda ahora tu evaluaci\u00f3n gratuita del caso <\/h2>\t\t\t\t<\/div>\n\t\t\t\t<\/div>\n\t\t\t\t<div class=\"elementor-element elementor-element-372e2ba elementor-widget__width-initial elementor-widget elementor-widget-heading\" data-id=\"372e2ba\" data-element_type=\"widget\" data-e-type=\"widget\" data-widget_type=\"heading.default\">\n\t\t\t\t<div class=\"elementor-widget-container\">\n\t\t\t\t\t<h3 class=\"elementor-heading-title elementor-size-default\">Da el primer paso hacia la justicia. Programa una consulta con Jes\u00fas Suday para analizar tu caso y beneficiarte de nuestro apoyo legal comprometido. Cont\u00e1ctanos hoy mismo para agendar tu consulta.<\/h3>\t\t\t\t<\/div>\n\t\t\t\t<\/div>\n\t\t\t\t<div class=\"elementor-element elementor-element-90de110 elementor-align-center elementor-widget__width-auto elementor-mobile-align-justify elementor-widget-mobile__width-initial elementor-widget elementor-widget-button\" data-id=\"90de110\" data-element_type=\"widget\" data-e-type=\"widget\" data-widget_type=\"button.default\">\n\t\t\t\t<div class=\"elementor-widget-container\">\n\t\t\t\t\t\t\t\t\t<div class=\"elementor-button-wrapper\">\n\t\t\t\t\t<a class=\"elementor-button elementor-button-link elementor-size-sm elementor-animation-wobble-skew\" href=\"https:\/\/airtable.com\/app5cRQAx2LfVWZXh\/pagiuIsrfGMpEkMcV\/form\">\n\t\t\t\t\t\t<span class=\"elementor-button-content-wrapper\">\n\t\t\t\t\t\t\t\t\t<span class=\"elementor-button-text\">Evaluaci\u00f3n gratuita del caso<\/span>\n\t\t\t\t\t<\/span>\n\t\t\t\t\t<\/a>\n\t\t\t\t<\/div>\n\t\t\t\t\t\t\t\t<\/div>\n\t\t\t\t<\/div>\n\t\t\t\t\t<\/div>\n\t\t<\/div>\n\t\t\t\t\t<\/div>\n\t\t<\/section>\n\t\t\t\t<\/div>","protected":false},"excerpt":{"rendered":"<p>Antuan Cano Attorney at Law &#8211; Suday Law PLLC Antuan Cano is a resilient and determined attorney at Suday Law, where he has devoted himself to the practice of immigration law. He earned his Juris Doctor from South Texas College of Law Houston in 2021 and was admitted to the Texas Bar in 2022. Before [&hellip;]<\/p>","protected":false},"author":1,"featured_media":0,"parent":0,"menu_order":0,"comment_status":"closed","ping_status":"closed","template":"","meta":{"footnotes":""},"class_list":["post-1328","page","type-page","status-publish","hentry"],"yoast_head":"<!-- This site is optimized with the Yoast SEO plugin v25.9 - https:\/\/yoast.com\/wordpress\/plugins\/seo\/ -->\n<title>Antuan Cano | Immigration Attorney | Suday Law PLLC<\/title>\n<meta name=\"description\" content=\"Meet Antuan Cano, an immigration attorney at Suday Law PLLC and U.S. Marine veteran. He represents detained and family based cases with disciplined advocacy and fluent Spanish support.\" \/>\n<meta name=\"robots\" content=\"index, follow, max-snippet:-1, max-image-preview:large, max-video-preview:-1\" \/>\n<link rel=\"canonical\" href=\"https:\/\/sudaylaw.com\/es\/antuan-cano\/\" \/>\n<meta property=\"og:locale\" content=\"es_ES\" \/>\n<meta property=\"og:type\" content=\"article\" \/>\n<meta property=\"og:title\" content=\"Antuan Cano | Immigration Attorney | Suday Law PLLC\" \/>\n<meta property=\"og:description\" content=\"Meet Antuan Cano, an immigration attorney at Suday Law PLLC and U.S. Marine veteran. He represents detained and family based cases with disciplined advocacy and fluent Spanish support.\" \/>\n<meta property=\"og:url\" content=\"https:\/\/sudaylaw.com\/es\/antuan-cano\/\" \/>\n<meta property=\"og:site_name\" content=\"Suday Law, PLLC\" \/>\n<meta property=\"article:publisher\" content=\"https:\/\/www.facebook.com\/profile.php?id=100090077992253\" \/>\n<meta property=\"article:modified_time\" content=\"2026-05-12T15:45:43+00:00\" \/>\n<meta property=\"og:image\" content=\"https:\/\/sudaylaw.com\/wp-content\/uploads\/2025\/09\/Antuan-Cano.jpg\" \/>\n\t<meta property=\"og:image:width\" content=\"1200\" \/>\n\t<meta property=\"og:image:height\" content=\"1500\" \/>\n\t<meta property=\"og:image:type\" content=\"image\/jpeg\" \/>\n<meta name=\"twitter:card\" content=\"summary_large_image\" \/>\n<meta name=\"twitter:label1\" content=\"Tiempo de lectura\" \/>\n\t<meta name=\"twitter:data1\" content=\"2 minutos\" \/>\n<script type=\"application\/ld+json\" class=\"yoast-schema-graph\">{\"@context\":\"https:\/\/schema.org\",\"@graph\":[{\"@type\":[\"WebPage\",\"ProfilePage\"],\"@id\":\"https:\/\/sudaylaw.com\/antuan-cano\/\",\"url\":\"https:\/\/sudaylaw.com\/antuan-cano\/\",\"name\":\"Antuan Cano | Immigration Attorney | Suday Law PLLC\",\"isPartOf\":{\"@id\":\"https:\/\/sudaylaw.com\/#website\"},\"primaryImageOfPage\":{\"@id\":\"https:\/\/sudaylaw.com\/antuan-cano\/#primaryimage\"},\"image\":{\"@id\":\"https:\/\/sudaylaw.com\/antuan-cano\/#primaryimage\"},\"thumbnailUrl\":\"https:\/\/sudaylaw.com\/wp-content\/uploads\/2025\/09\/Antuan-Cano-819x1024.jpg\",\"datePublished\":\"2025-09-06T17:26:56+00:00\",\"dateModified\":\"2026-05-12T15:45:43+00:00\",\"description\":\"Meet Antuan Cano, an immigration attorney at Suday Law PLLC and U.S. Marine veteran. He represents detained and family based cases with disciplined advocacy and fluent Spanish support.\",\"breadcrumb\":{\"@id\":\"https:\/\/sudaylaw.com\/antuan-cano\/#breadcrumb\"},\"inLanguage\":\"es\",\"potentialAction\":[{\"@type\":\"ReadAction\",\"target\":[\"https:\/\/sudaylaw.com\/antuan-cano\/\"]}]},{\"@type\":\"ImageObject\",\"inLanguage\":\"es\",\"@id\":\"https:\/\/sudaylaw.com\/antuan-cano\/#primaryimage\",\"url\":\"https:\/\/sudaylaw.com\/wp-content\/uploads\/2025\/09\/Antuan-Cano-819x1024.jpg\",\"contentUrl\":\"https:\/\/sudaylaw.com\/wp-content\/uploads\/2025\/09\/Antuan-Cano-819x1024.jpg\"},{\"@type\":\"BreadcrumbList\",\"@id\":\"https:\/\/sudaylaw.com\/antuan-cano\/#breadcrumb\",\"itemListElement\":[{\"@type\":\"ListItem\",\"position\":1,\"name\":\"Home\",\"item\":\"https:\/\/sudaylaw.com\/\"},{\"@type\":\"ListItem\",\"position\":2,\"name\":\"Antuan Cano\"}]},{\"@type\":\"WebSite\",\"@id\":\"https:\/\/sudaylaw.com\/#website\",\"url\":\"https:\/\/sudaylaw.com\/\",\"name\":\"Suday Law, PLLC\",\"description\":\"\",\"publisher\":{\"@id\":\"https:\/\/sudaylaw.com\/#organization\"},\"potentialAction\":[{\"@type\":\"SearchAction\",\"target\":{\"@type\":\"EntryPoint\",\"urlTemplate\":\"https:\/\/sudaylaw.com\/?s={search_term_string}\"},\"query-input\":{\"@type\":\"PropertyValueSpecification\",\"valueRequired\":true,\"valueName\":\"search_term_string\"}}],\"inLanguage\":\"es\"},{\"@type\":\"Organization\",\"@id\":\"https:\/\/sudaylaw.com\/#organization\",\"name\":\"Suday Law, PLLC\",\"url\":\"https:\/\/sudaylaw.com\/\",\"logo\":{\"@type\":\"ImageObject\",\"inLanguage\":\"es\",\"@id\":\"https:\/\/sudaylaw.com\/#\/schema\/logo\/image\/\",\"url\":\"https:\/\/sudaylaw.com\/wp-content\/uploads\/2025\/07\/Our-Experience-11-e1752168092730.webp\",\"contentUrl\":\"https:\/\/sudaylaw.com\/wp-content\/uploads\/2025\/07\/Our-Experience-11-e1752168092730.webp\",\"width\":1600,\"height\":1270,\"caption\":\"Suday Law, PLLC\"},\"image\":{\"@id\":\"https:\/\/sudaylaw.com\/#\/schema\/logo\/image\/\"},\"sameAs\":[\"https:\/\/www.facebook.com\/profile.php?id=100090077992253\",\"https:\/\/www.instagram.com\/abogado_suday\"],\"mainEntityOfPage\":{\"@id\":\"https:\/\/sudaylaw.com\/antuan-cano\/\"}}]}<\/script>\n<!-- \/ Yoast SEO plugin. -->","yoast_head_json":{"title":"Antuan Cano | Immigration Attorney | Suday Law PLLC","description":"Meet Antuan Cano, an immigration attorney at Suday Law PLLC and U.S. Marine veteran. He represents detained and family based cases with disciplined advocacy and fluent Spanish support.","robots":{"index":"index","follow":"follow","max-snippet":"max-snippet:-1","max-image-preview":"max-image-preview:large","max-video-preview":"max-video-preview:-1"},"canonical":"https:\/\/sudaylaw.com\/es\/antuan-cano\/","og_locale":"es_ES","og_type":"article","og_title":"Antuan Cano | Immigration Attorney | Suday Law PLLC","og_description":"Meet Antuan Cano, an immigration attorney at Suday Law PLLC and U.S. Marine veteran. He represents detained and family based cases with disciplined advocacy and fluent Spanish support.","og_url":"https:\/\/sudaylaw.com\/es\/antuan-cano\/","og_site_name":"Suday Law, PLLC","article_publisher":"https:\/\/www.facebook.com\/profile.php?id=100090077992253","article_modified_time":"2026-05-12T15:45:43+00:00","og_image":[{"width":1200,"height":1500,"url":"https:\/\/sudaylaw.com\/wp-content\/uploads\/2025\/09\/Antuan-Cano.jpg","type":"image\/jpeg"}],"twitter_card":"summary_large_image","twitter_misc":{"Tiempo de lectura":"2 minutos"},"schema":{"@context":"https:\/\/schema.org","@graph":[{"@type":["WebPage","ProfilePage"],"@id":"https:\/\/sudaylaw.com\/antuan-cano\/","url":"https:\/\/sudaylaw.com\/antuan-cano\/","name":"Antuan Cano | Immigration Attorney | Suday Law PLLC","isPartOf":{"@id":"https:\/\/sudaylaw.com\/#website"},"primaryImageOfPage":{"@id":"https:\/\/sudaylaw.com\/antuan-cano\/#primaryimage"},"image":{"@id":"https:\/\/sudaylaw.com\/antuan-cano\/#primaryimage"},"thumbnailUrl":"https:\/\/sudaylaw.com\/wp-content\/uploads\/2025\/09\/Antuan-Cano-819x1024.jpg","datePublished":"2025-09-06T17:26:56+00:00","dateModified":"2026-05-12T15:45:43+00:00","description":"Meet Antuan Cano, an immigration attorney at Suday Law PLLC and U.S. Marine veteran. He represents detained and family based cases with disciplined advocacy and fluent Spanish support.","breadcrumb":{"@id":"https:\/\/sudaylaw.com\/antuan-cano\/#breadcrumb"},"inLanguage":"es","potentialAction":[{"@type":"ReadAction","target":["https:\/\/sudaylaw.com\/antuan-cano\/"]}]},{"@type":"ImageObject","inLanguage":"es","@id":"https:\/\/sudaylaw.com\/antuan-cano\/#primaryimage","url":"https:\/\/sudaylaw.com\/wp-content\/uploads\/2025\/09\/Antuan-Cano-819x1024.jpg","contentUrl":"https:\/\/sudaylaw.com\/wp-content\/uploads\/2025\/09\/Antuan-Cano-819x1024.jpg"},{"@type":"BreadcrumbList","@id":"https:\/\/sudaylaw.com\/antuan-cano\/#breadcrumb","itemListElement":[{"@type":"ListItem","position":1,"name":"Home","item":"https:\/\/sudaylaw.com\/"},{"@type":"ListItem","position":2,"name":"Antuan Cano"}]},{"@type":"WebSite","@id":"https:\/\/sudaylaw.com\/#website","url":"https:\/\/sudaylaw.com\/","name":"Suday Law, PLLC","description":"","publisher":{"@id":"https:\/\/sudaylaw.com\/#organization"},"potentialAction":[{"@type":"SearchAction","target":{"@type":"EntryPoint","urlTemplate":"https:\/\/sudaylaw.com\/?s={search_term_string}"},"query-input":{"@type":"PropertyValueSpecification","valueRequired":true,"valueName":"search_term_string"}}],"inLanguage":"es"},{"@type":"Organization","@id":"https:\/\/sudaylaw.com\/#organization","name":"Suday Law, PLLC","url":"https:\/\/sudaylaw.com\/","logo":{"@type":"ImageObject","inLanguage":"es","@id":"https:\/\/sudaylaw.com\/#\/schema\/logo\/image\/","url":"https:\/\/sudaylaw.com\/wp-content\/uploads\/2025\/07\/Our-Experience-11-e1752168092730.webp","contentUrl":"https:\/\/sudaylaw.com\/wp-content\/uploads\/2025\/07\/Our-Experience-11-e1752168092730.webp","width":1600,"height":1270,"caption":"Suday Law, PLLC"},"image":{"@id":"https:\/\/sudaylaw.com\/#\/schema\/logo\/image\/"},"sameAs":["https:\/\/www.facebook.com\/profile.php?id=100090077992253","https:\/\/www.instagram.com\/abogado_suday"],"mainEntityOfPage":{"@id":"https:\/\/sudaylaw.com\/antuan-cano\/"}}]}},"_links":{"self":[{"href":"https:\/\/sudaylaw.com\/es\/wp-json\/wp\/v2\/pages\/1328","targetHints":{"allow":["GET"]}}],"collection":[{"href":"https:\/\/sudaylaw.com\/es\/wp-json\/wp\/v2\/pages"}],"about":[{"href":"https:\/\/sudaylaw.com\/es\/wp-json\/wp\/v2\/types\/page"}],"author":[{"embeddable":true,"href":"https:\/\/sudaylaw.com\/es\/wp-json\/wp\/v2\/users\/1"}],"replies":[{"embeddable":true,"href":"https:\/\/sudaylaw.com\/es\/wp-json\/wp\/v2\/comments?post=1328"}],"version-history":[{"count":29,"href":"https:\/\/sudaylaw.com\/es\/wp-json\/wp\/v2\/pages\/1328\/revisions"}],"predecessor-version":[{"id":1847,"href":"https:\/\/sudaylaw.com\/es\/wp-json\/wp\/v2\/pages\/1328\/revisions\/1847"}],"wp:attachment":[{"href":"https:\/\/sudaylaw.com\/es\/wp-json\/wp\/v2\/media?parent=1328"}],"curies":[{"name":"wp","href":"https:\/\/api.w.org\/{rel}","templated":true}]}}