{"id":1267,"date":"2025-08-22T15:58:40","date_gmt":"2025-08-22T15:58:40","guid":{"rendered":"https:\/\/sudaylaw.com\/?page_id=1267"},"modified":"2026-05-12T15:51:29","modified_gmt":"2026-05-12T15:51:29","slug":"juan-gonzalez-attorney","status":"publish","type":"page","link":"https:\/\/sudaylaw.com\/es\/juan-gonzalez-attorney\/","title":{"rendered":"Juan Gonz\u00e1lez &#8211; Attorney"},"content":{"rendered":"<div data-elementor-type=\"wp-page\" data-elementor-id=\"1267\" class=\"elementor elementor-1267\" data-elementor-post-type=\"page\">\n\t\t\t\t<div class=\"elementor-element elementor-element-dbf4e70 e-flex e-con-boxed e-con e-parent\" data-id=\"dbf4e70\" data-element_type=\"container\" data-e-type=\"container\">\n\t\t\t\t\t<div class=\"e-con-inner\">\n\t\t<div class=\"elementor-element elementor-element-db39362 e-con-full e-flex e-con e-child\" data-id=\"db39362\" data-element_type=\"container\" data-e-type=\"container\">\n\t\t<div class=\"elementor-element elementor-element-a8b8170 e-con-full e-flex e-con e-child\" data-id=\"a8b8170\" data-element_type=\"container\" data-e-type=\"container\">\n\t\t\t\t<div class=\"elementor-element elementor-element-ecd1b4b elementor-widget elementor-widget-heading\" data-id=\"ecd1b4b\" data-element_type=\"widget\" data-e-type=\"widget\" data-widget_type=\"heading.default\">\n\t\t\t\t<div class=\"elementor-widget-container\">\n\t\t\t\t\t<h1 class=\"elementor-heading-title elementor-size-default\">Mr. Juan Gonz\u00e1lez <\/h1>\t\t\t\t<\/div>\n\t\t\t\t<\/div>\n\t\t\t\t<div class=\"elementor-element elementor-element-c96217d elementor-icon-list--layout-traditional elementor-list-item-link-full_width elementor-widget elementor-widget-icon-list\" data-id=\"c96217d\" data-element_type=\"widget\" data-e-type=\"widget\" data-widget_type=\"icon-list.default\">\n\t\t\t\t<div class=\"elementor-widget-container\">\n\t\t\t\t\t\t\t<ul class=\"elementor-icon-list-items\">\n\t\t\t\t\t\t\t<li class=\"elementor-icon-list-item\">\n\t\t\t\t\t\t\t\t\t\t<span class=\"elementor-icon-list-text\">Attorney <\/span>\n\t\t\t\t\t\t\t\t\t<\/li>\n\t\t\t\t\t\t<\/ul>\n\t\t\t\t\t\t<\/div>\n\t\t\t\t<\/div>\n\t\t\t\t<div class=\"elementor-element elementor-element-72d3e4f elementor-widget elementor-widget-text-editor\" data-id=\"72d3e4f\" data-element_type=\"widget\" data-e-type=\"widget\" data-widget_type=\"text-editor.default\">\n\t\t\t\t<div class=\"elementor-widget-container\">\n\t\t\t\t\t\t\t\t\t<p>Nac\u00ed y crec\u00ed en Ponce, Puerto Rico, donde complet\u00e9 mis estudios en el Colegio Ponce\u00f1o en 1981. Obtuve mi bachillerato de la Universidad de Puerto Rico \u2013 Mayag\u00fcez en 1986 y mi Juris Doctor de la Pontificia Universidad Cat\u00f3lica de Puerto Rico \u2013 Ponce en 1990, a\u00f1o en que fui admitido para ejercer la abogac\u00eda en Puerto Rico. Posteriormente, en 1994, complet\u00e9 una Maestr\u00eda en Derecho (LL.M.) en la Universidad de Tulane.<\/p><p>Durante casi 31 a\u00f1os ejerc\u00ed la abogac\u00eda en Puerto Rico, enfocado en derecho civil, litigio civil, derecho administrativo y apelaciones. En el 2021 me mud\u00e9 a los Estados Unidos y desde entonces he practicado derecho de inmigraci\u00f3n en varios estados. Desde septiembre de 2023, resido en Houston, Texas, dedicado exclusivamente a la pr\u00e1ctica del derecho de inmigraci\u00f3n.<\/p>\t\t\t\t\t\t\t\t<\/div>\n\t\t\t\t<\/div>\n\t\t\t\t<\/div>\n\t\t<div class=\"elementor-element elementor-element-b4bdcf1 e-con-full e-flex e-con e-child\" data-id=\"b4bdcf1\" data-element_type=\"container\" data-e-type=\"container\">\n\t\t\t\t<div class=\"elementor-element elementor-element-bf689bd elementor-widget elementor-widget-image\" data-id=\"bf689bd\" data-element_type=\"widget\" data-e-type=\"widget\" data-widget_type=\"image.default\">\n\t\t\t\t<div class=\"elementor-widget-container\">\n\t\t\t\t\t\t\t\t\t\t\t\t\t\t\t<img fetchpriority=\"high\" decoding=\"async\" width=\"800\" height=\"1000\" src=\"https:\/\/sudaylaw.com\/wp-content\/uploads\/2025\/08\/Mr.-Juan-Gonzalez-819x1024.jpg\" class=\"attachment-large size-large wp-image-1260\" alt=\"\" srcset=\"https:\/\/sudaylaw.com\/wp-content\/uploads\/2025\/08\/Mr.-Juan-Gonzalez-819x1024.jpg 819w, https:\/\/sudaylaw.com\/wp-content\/uploads\/2025\/08\/Mr.-Juan-Gonzalez-240x300.jpg 240w, https:\/\/sudaylaw.com\/wp-content\/uploads\/2025\/08\/Mr.-Juan-Gonzalez-768x960.jpg 768w, https:\/\/sudaylaw.com\/wp-content\/uploads\/2025\/08\/Mr.-Juan-Gonzalez-10x12.jpg 10w, https:\/\/sudaylaw.com\/wp-content\/uploads\/2025\/08\/Mr.-Juan-Gonzalez.jpg 1200w\" sizes=\"(max-width: 800px) 100vw, 800px\" \/>\t\t\t\t\t\t\t\t\t\t\t\t\t\t\t<\/div>\n\t\t\t\t<\/div>\n\t\t\t\t<\/div>\n\t\t\t\t<div class=\"elementor-element elementor-element-81c0c1d elementor-widget elementor-widget-text-editor\" data-id=\"81c0c1d\" data-element_type=\"widget\" data-e-type=\"widget\" data-widget_type=\"text-editor.default\">\n\t\t\t\t<div class=\"elementor-widget-container\">\n\t\t\t\t\t\t\t\t\t<p>El derecho de inmigraci\u00f3n ha sido uno de los retos m\u00e1s desafiantes y gratificantes de mi carrera. M\u00e1s all\u00e1 de su complejidad, tiene un fuerte componente humano y social que lo hace \u00fanico. Mi compromiso es poner al servicio de cada cliente mi experiencia, conocimientos y vocaci\u00f3n, ayudando a individuos y familias en su camino hacia un mejor futuro en los Estados Unidos. Mis clientes pueden confiar en que encontrar\u00e1n en m\u00ed no solo un abogado con amplia trayectoria, sino tambi\u00e9n un aliado con compasi\u00f3n y dedicaci\u00f3n.<\/p>\t\t\t\t\t\t\t\t<\/div>\n\t\t\t\t<\/div>\n\t\t\t\t<\/div>\n\t\t<div class=\"elementor-element elementor-element-dd6da2f e-con-full elementor-hidden-tablet elementor-hidden-mobile e-flex e-con e-child\" data-id=\"dd6da2f\" data-element_type=\"container\" data-e-type=\"container\">\n\t\t<div class=\"elementor-element elementor-element-c6a6213 e-con-full e-flex e-con e-child\" data-id=\"c6a6213\" data-element_type=\"container\" data-e-type=\"container\" data-settings=\"{&quot;background_background&quot;:&quot;classic&quot;}\">\n\t\t\t\t<div class=\"elementor-element elementor-element-708e417 elementor-widget elementor-widget-image\" data-id=\"708e417\" data-element_type=\"widget\" data-e-type=\"widget\" data-widget_type=\"image.default\">\n\t\t\t\t<div class=\"elementor-widget-container\">\n\t\t\t\t\t\t\t\t\t\t\t\t\t\t\t<img decoding=\"async\" width=\"421\" height=\"263\" src=\"https:\/\/sudaylaw.com\/wp-content\/uploads\/2025\/07\/Suday-Law-PLLC-Black-Logo1.jpg\" class=\"attachment-large size-large wp-image-1030\" alt=\"Suday Law Logo\" srcset=\"https:\/\/sudaylaw.com\/wp-content\/uploads\/2025\/07\/Suday-Law-PLLC-Black-Logo1.jpg 421w, https:\/\/sudaylaw.com\/wp-content\/uploads\/2025\/07\/Suday-Law-PLLC-Black-Logo1-300x187.jpg 300w, https:\/\/sudaylaw.com\/wp-content\/uploads\/2025\/07\/Suday-Law-PLLC-Black-Logo1-18x12.jpg 18w\" sizes=\"(max-width: 421px) 100vw, 421px\" \/>\t\t\t\t\t\t\t\t\t\t\t\t\t\t\t<\/div>\n\t\t\t\t<\/div>\n\t\t\t\t<div class=\"elementor-element elementor-element-4eb48e3 elementor-widget elementor-widget-heading\" data-id=\"4eb48e3\" data-element_type=\"widget\" data-e-type=\"widget\" data-widget_type=\"heading.default\">\n\t\t\t\t<div class=\"elementor-widget-container\">\n\t\t\t\t\t<h2 class=\"elementor-heading-title elementor-size-default\">Agenda una evaluaci\u00f3n de tu caso<\/h2>\t\t\t\t<\/div>\n\t\t\t\t<\/div>\n\t\t\t\t<div class=\"elementor-element elementor-element-9d5c322 elementor-widget elementor-widget-heading\" data-id=\"9d5c322\" data-element_type=\"widget\" data-e-type=\"widget\" data-widget_type=\"heading.default\">\n\t\t\t\t<div class=\"elementor-widget-container\">\n\t\t\t\t\t<h2 class=\"elementor-heading-title elementor-size-default\">ll\u00e1manos<\/h2>\t\t\t\t<\/div>\n\t\t\t\t<\/div>\n\t\t\t\t<div class=\"elementor-element elementor-element-734c9e4 elementor-widget elementor-widget-heading\" data-id=\"734c9e4\" data-element_type=\"widget\" data-e-type=\"widget\" data-widget_type=\"heading.default\">\n\t\t\t\t<div class=\"elementor-widget-container\">\n\t\t\t\t\t<h2 class=\"elementor-heading-title elementor-size-default\"><a href=\"tel:+13464904520\">+1 (346) 490-4520<\/a><\/h2>\t\t\t\t<\/div>\n\t\t\t\t<\/div>\n\t\t\t\t<\/div>\n\t\t\t\t<div class=\"elementor-element elementor-element-ca00405 elementor-widget elementor-widget-heading\" data-id=\"ca00405\" data-element_type=\"widget\" data-e-type=\"widget\" data-widget_type=\"heading.default\">\n\t\t\t\t<div class=\"elementor-widget-container\">\n\t\t\t\t\t<h2 class=\"elementor-heading-title elementor-size-default\">Areas de pr\u00e1ctica<\/h2>\t\t\t\t<\/div>\n\t\t\t\t<\/div>\n\t\t\t\t<div class=\"elementor-element elementor-element-31b519b elementor-icon-list--layout-traditional elementor-list-item-link-full_width elementor-widget elementor-widget-icon-list\" data-id=\"31b519b\" data-element_type=\"widget\" data-e-type=\"widget\" data-widget_type=\"icon-list.default\">\n\t\t\t\t<div class=\"elementor-widget-container\">\n\t\t\t\t\t\t\t<ul class=\"elementor-icon-list-items\">\n\t\t\t\t\t\t\t<li class=\"elementor-icon-list-item\">\n\t\t\t\t\t\t\t\t\t\t\t<span class=\"elementor-icon-list-icon\">\n\t\t\t\t\t\t\t<svg aria-hidden=\"true\" class=\"e-font-icon-svg e-fas-dot-circle\" viewbox=\"0 0 512 512\" xmlns=\"http:\/\/www.w3.org\/2000\/svg\"><path d=\"M256 8C119.033 8 8 119.033 8 256s111.033 248 248 248 248-111.033 248-248S392.967 8 256 8zm80 248c0 44.112-35.888 80-80 80s-80-35.888-80-80 35.888-80 80-80 80 35.888 80 80z\"><\/path><\/svg>\t\t\t\t\t\t<\/span>\n\t\t\t\t\t\t\t\t\t\t<span class=\"elementor-icon-list-text\">Ley de inmigraci\u00f3n<\/span>\n\t\t\t\t\t\t\t\t\t<\/li>\n\t\t\t\t\t\t\t\t<li class=\"elementor-icon-list-item\">\n\t\t\t\t\t\t\t\t\t\t\t<span class=\"elementor-icon-list-icon\">\n\t\t\t\t\t\t\t<svg aria-hidden=\"true\" class=\"e-font-icon-svg e-fas-dot-circle\" viewbox=\"0 0 512 512\" xmlns=\"http:\/\/www.w3.org\/2000\/svg\"><path d=\"M256 8C119.033 8 8 119.033 8 256s111.033 248 248 248 248-111.033 248-248S392.967 8 256 8zm80 248c0 44.112-35.888 80-80 80s-80-35.888-80-80 35.888-80 80-80 80 35.888 80 80z\"><\/path><\/svg>\t\t\t\t\t\t<\/span>\n\t\t\t\t\t\t\t\t\t\t<span class=\"elementor-icon-list-text\">lesiones personales<\/span>\n\t\t\t\t\t\t\t\t\t<\/li>\n\t\t\t\t\t\t\t\t<li class=\"elementor-icon-list-item\">\n\t\t\t\t\t\t\t\t\t\t\t<span class=\"elementor-icon-list-icon\">\n\t\t\t\t\t\t\t<svg aria-hidden=\"true\" class=\"e-font-icon-svg e-fas-dot-circle\" viewbox=\"0 0 512 512\" xmlns=\"http:\/\/www.w3.org\/2000\/svg\"><path d=\"M256 8C119.033 8 8 119.033 8 256s111.033 248 248 248 248-111.033 248-248S392.967 8 256 8zm80 248c0 44.112-35.888 80-80 80s-80-35.888-80-80 35.888-80 80-80 80 35.888 80 80z\"><\/path><\/svg>\t\t\t\t\t\t<\/span>\n\t\t\t\t\t\t\t\t\t\t<span class=\"elementor-icon-list-text\">Litigios Civiles <\/span>\n\t\t\t\t\t\t\t\t\t<\/li>\n\t\t\t\t\t\t<\/ul>\n\t\t\t\t\t\t<\/div>\n\t\t\t\t<\/div>\n\t\t\t\t<\/div>\n\t\t\t\t\t<\/div>\n\t\t\t\t<\/div>\n\t\t\t\t<section class=\"elementor-section elementor-top-section elementor-element elementor-element-1fc7460 elementor-section-boxed elementor-section-height-default elementor-section-height-default elementor-invisible\" data-id=\"1fc7460\" data-element_type=\"section\" data-e-type=\"section\" data-settings=\"{&quot;background_background&quot;:&quot;classic&quot;,&quot;shape_divider_top&quot;:&quot;arrow&quot;,&quot;animation&quot;:&quot;fadeInUp&quot;}\">\n\t\t\t\t\t\t\t<div class=\"elementor-background-overlay\"><\/div>\n\t\t\t\t\t\t<div class=\"elementor-shape elementor-shape-top\" aria-hidden=\"true\" data-negative=\"false\">\n\t\t\t<svg xmlns=\"http:\/\/www.w3.org\/2000\/svg\" viewbox=\"0 0 700 10\" preserveaspectratio=\"none\">\n\t<path class=\"elementor-shape-fill\" d=\"M350,10L340,0h20L350,10z\"\/>\n<\/svg>\t\t<\/div>\n\t\t\t\t\t<div class=\"elementor-container elementor-column-gap-default\">\n\t\t\t\t\t<div class=\"elementor-column elementor-col-100 elementor-top-column elementor-element elementor-element-2395814\" data-id=\"2395814\" data-element_type=\"column\" data-e-type=\"column\">\n\t\t\t<div class=\"elementor-widget-wrap elementor-element-populated\">\n\t\t\t\t\t\t<div class=\"elementor-element elementor-element-e9009d2 elementor-widget elementor-widget-heading\" data-id=\"e9009d2\" data-element_type=\"widget\" data-e-type=\"widget\" data-widget_type=\"heading.default\">\n\t\t\t\t<div class=\"elementor-widget-container\">\n\t\t\t\t\t<h2 class=\"elementor-heading-title elementor-size-default\">No dejes que las incertidumbres legales te detengan<\/h2>\t\t\t\t<\/div>\n\t\t\t\t<\/div>\n\t\t\t\t<div class=\"elementor-element elementor-element-3a7d1e7 elementor-widget elementor-widget-heading\" data-id=\"3a7d1e7\" data-element_type=\"widget\" data-e-type=\"widget\" data-widget_type=\"heading.default\">\n\t\t\t\t<div class=\"elementor-widget-container\">\n\t\t\t\t\t<h2 class=\"elementor-heading-title elementor-size-default\">Agenda ahora tu evaluaci\u00f3n gratuita del caso <\/h2>\t\t\t\t<\/div>\n\t\t\t\t<\/div>\n\t\t\t\t<div class=\"elementor-element elementor-element-38698c3 elementor-widget__width-initial elementor-widget elementor-widget-heading\" data-id=\"38698c3\" data-element_type=\"widget\" data-e-type=\"widget\" data-widget_type=\"heading.default\">\n\t\t\t\t<div class=\"elementor-widget-container\">\n\t\t\t\t\t<h3 class=\"elementor-heading-title elementor-size-default\">Da el primer paso hacia la justicia. Programa una consulta con Jes\u00fas Suday para analizar tu caso y beneficiarte de nuestro apoyo legal comprometido. Cont\u00e1ctanos hoy mismo para agendar tu consulta.<\/h3>\t\t\t\t<\/div>\n\t\t\t\t<\/div>\n\t\t\t\t<div class=\"elementor-element elementor-element-aefbf0b elementor-align-center elementor-widget__width-auto elementor-mobile-align-justify elementor-widget-mobile__width-initial elementor-widget elementor-widget-button\" data-id=\"aefbf0b\" data-element_type=\"widget\" data-e-type=\"widget\" data-widget_type=\"button.default\">\n\t\t\t\t<div class=\"elementor-widget-container\">\n\t\t\t\t\t\t\t\t\t<div class=\"elementor-button-wrapper\">\n\t\t\t\t\t<a class=\"elementor-button elementor-button-link elementor-size-sm elementor-animation-wobble-skew\" href=\"https:\/\/airtable.com\/app5cRQAx2LfVWZXh\/pagiuIsrfGMpEkMcV\/form\">\n\t\t\t\t\t\t<span class=\"elementor-button-content-wrapper\">\n\t\t\t\t\t\t\t\t\t<span class=\"elementor-button-text\">Evaluaci\u00f3n gratuita del caso<\/span>\n\t\t\t\t\t<\/span>\n\t\t\t\t\t<\/a>\n\t\t\t\t<\/div>\n\t\t\t\t\t\t\t\t<\/div>\n\t\t\t\t<\/div>\n\t\t\t\t\t<\/div>\n\t\t<\/div>\n\t\t\t\t\t<\/div>\n\t\t<\/section>\n\t\t\t\t<\/div>","protected":false},"excerpt":{"rendered":"<p>Mr. Juan Gonz\u00e1lez Attorney I was born and raised in Ponce, Puerto Rico, where I completed my early education at Colegio Ponce\u00f1o in 1981. I earned my Bachelor\u2019s degree from the University of Puerto Rico \u2013 Mayag\u00fcez in 1986 and obtained my Juris Doctor from the Pontifical Catholic University of Puerto Rico \u2013 Ponce in [&hellip;]<\/p>","protected":false},"author":1,"featured_media":0,"parent":0,"menu_order":0,"comment_status":"closed","ping_status":"closed","template":"","meta":{"footnotes":""},"class_list":["post-1267","page","type-page","status-publish","hentry"],"yoast_head":"<!-- This site is optimized with the Yoast SEO plugin v25.9 - https:\/\/yoast.com\/wordpress\/plugins\/seo\/ -->\n<title>Juan Gonz\u00e1lez | Immigration Attorney | Suday Law PLLC<\/title>\n<meta name=\"description\" content=\"Meet Juan Gonz\u00e1lez, an immigration attorney at Suday Law PLLC with more than 30 years of legal experience guiding individuals and families through complex immigration matters with skill and compassion.\" \/>\n<meta name=\"robots\" content=\"index, follow, max-snippet:-1, max-image-preview:large, max-video-preview:-1\" \/>\n<link rel=\"canonical\" href=\"https:\/\/sudaylaw.com\/es\/juan-gonzalez-attorney\/\" \/>\n<meta property=\"og:locale\" content=\"es_ES\" \/>\n<meta property=\"og:type\" content=\"article\" \/>\n<meta property=\"og:title\" content=\"Juan Gonz\u00e1lez | Immigration Attorney | Suday Law PLLC\" \/>\n<meta property=\"og:description\" content=\"Meet Juan Gonz\u00e1lez, an immigration attorney at Suday Law PLLC with more than 30 years of legal experience guiding individuals and families through complex immigration matters with skill and compassion.\" \/>\n<meta property=\"og:url\" content=\"https:\/\/sudaylaw.com\/es\/juan-gonzalez-attorney\/\" \/>\n<meta property=\"og:site_name\" content=\"Suday Law, PLLC\" \/>\n<meta property=\"article:publisher\" content=\"https:\/\/www.facebook.com\/profile.php?id=100090077992253\" \/>\n<meta property=\"article:modified_time\" content=\"2026-05-12T15:51:29+00:00\" \/>\n<meta property=\"og:image\" content=\"https:\/\/sudaylaw.com\/wp-content\/uploads\/2025\/08\/Mr.-Juan-Gonzalez.jpg\" \/>\n\t<meta property=\"og:image:width\" content=\"1200\" \/>\n\t<meta property=\"og:image:height\" content=\"1500\" \/>\n\t<meta property=\"og:image:type\" content=\"image\/jpeg\" \/>\n<meta name=\"twitter:card\" content=\"summary_large_image\" \/>\n<meta name=\"twitter:label1\" content=\"Tiempo de lectura\" \/>\n\t<meta name=\"twitter:data1\" content=\"2 minutos\" \/>\n<script type=\"application\/ld+json\" class=\"yoast-schema-graph\">{\"@context\":\"https:\/\/schema.org\",\"@graph\":[{\"@type\":[\"WebPage\",\"ProfilePage\"],\"@id\":\"https:\/\/sudaylaw.com\/juan-gonzalez-attorney\/\",\"url\":\"https:\/\/sudaylaw.com\/juan-gonzalez-attorney\/\",\"name\":\"Juan Gonz\u00e1lez | Immigration Attorney | Suday Law PLLC\",\"isPartOf\":{\"@id\":\"https:\/\/sudaylaw.com\/#website\"},\"primaryImageOfPage\":{\"@id\":\"https:\/\/sudaylaw.com\/juan-gonzalez-attorney\/#primaryimage\"},\"image\":{\"@id\":\"https:\/\/sudaylaw.com\/juan-gonzalez-attorney\/#primaryimage\"},\"thumbnailUrl\":\"https:\/\/sudaylaw.com\/wp-content\/uploads\/2025\/08\/Mr.-Juan-Gonzalez-819x1024.jpg\",\"datePublished\":\"2025-08-22T15:58:40+00:00\",\"dateModified\":\"2026-05-12T15:51:29+00:00\",\"description\":\"Meet Juan Gonz\u00e1lez, an immigration attorney at Suday Law PLLC with more than 30 years of legal experience guiding individuals and families through complex immigration matters with skill and compassion.\",\"breadcrumb\":{\"@id\":\"https:\/\/sudaylaw.com\/juan-gonzalez-attorney\/#breadcrumb\"},\"inLanguage\":\"es\",\"potentialAction\":[{\"@type\":\"ReadAction\",\"target\":[\"https:\/\/sudaylaw.com\/juan-gonzalez-attorney\/\"]}]},{\"@type\":\"ImageObject\",\"inLanguage\":\"es\",\"@id\":\"https:\/\/sudaylaw.com\/juan-gonzalez-attorney\/#primaryimage\",\"url\":\"https:\/\/sudaylaw.com\/wp-content\/uploads\/2025\/08\/Mr.-Juan-Gonzalez-819x1024.jpg\",\"contentUrl\":\"https:\/\/sudaylaw.com\/wp-content\/uploads\/2025\/08\/Mr.-Juan-Gonzalez-819x1024.jpg\"},{\"@type\":\"BreadcrumbList\",\"@id\":\"https:\/\/sudaylaw.com\/juan-gonzalez-attorney\/#breadcrumb\",\"itemListElement\":[{\"@type\":\"ListItem\",\"position\":1,\"name\":\"Home\",\"item\":\"https:\/\/sudaylaw.com\/\"},{\"@type\":\"ListItem\",\"position\":2,\"name\":\"Juan Gonz\u00e1lez &#8211; Attorney\"}]},{\"@type\":\"WebSite\",\"@id\":\"https:\/\/sudaylaw.com\/#website\",\"url\":\"https:\/\/sudaylaw.com\/\",\"name\":\"Suday Law, PLLC\",\"description\":\"\",\"publisher\":{\"@id\":\"https:\/\/sudaylaw.com\/#organization\"},\"potentialAction\":[{\"@type\":\"SearchAction\",\"target\":{\"@type\":\"EntryPoint\",\"urlTemplate\":\"https:\/\/sudaylaw.com\/?s={search_term_string}\"},\"query-input\":{\"@type\":\"PropertyValueSpecification\",\"valueRequired\":true,\"valueName\":\"search_term_string\"}}],\"inLanguage\":\"es\"},{\"@type\":\"Organization\",\"@id\":\"https:\/\/sudaylaw.com\/#organization\",\"name\":\"Suday Law, PLLC\",\"url\":\"https:\/\/sudaylaw.com\/\",\"logo\":{\"@type\":\"ImageObject\",\"inLanguage\":\"es\",\"@id\":\"https:\/\/sudaylaw.com\/#\/schema\/logo\/image\/\",\"url\":\"https:\/\/sudaylaw.com\/wp-content\/uploads\/2025\/07\/Our-Experience-11-e1752168092730.webp\",\"contentUrl\":\"https:\/\/sudaylaw.com\/wp-content\/uploads\/2025\/07\/Our-Experience-11-e1752168092730.webp\",\"width\":1600,\"height\":1270,\"caption\":\"Suday Law, PLLC\"},\"image\":{\"@id\":\"https:\/\/sudaylaw.com\/#\/schema\/logo\/image\/\"},\"sameAs\":[\"https:\/\/www.facebook.com\/profile.php?id=100090077992253\",\"https:\/\/www.instagram.com\/abogado_suday\"],\"mainEntityOfPage\":{\"@id\":\"https:\/\/sudaylaw.com\/juan-gonzalez-attorney\/\"}}]}<\/script>\n<!-- \/ Yoast SEO plugin. -->","yoast_head_json":{"title":"Juan Gonz\u00e1lez | Immigration Attorney | Suday Law PLLC","description":"Meet Juan Gonz\u00e1lez, an immigration attorney at Suday Law PLLC with more than 30 years of legal experience guiding individuals and families through complex immigration matters with skill and compassion.","robots":{"index":"index","follow":"follow","max-snippet":"max-snippet:-1","max-image-preview":"max-image-preview:large","max-video-preview":"max-video-preview:-1"},"canonical":"https:\/\/sudaylaw.com\/es\/juan-gonzalez-attorney\/","og_locale":"es_ES","og_type":"article","og_title":"Juan Gonz\u00e1lez | Immigration Attorney | Suday Law PLLC","og_description":"Meet Juan Gonz\u00e1lez, an immigration attorney at Suday Law PLLC with more than 30 years of legal experience guiding individuals and families through complex immigration matters with skill and compassion.","og_url":"https:\/\/sudaylaw.com\/es\/juan-gonzalez-attorney\/","og_site_name":"Suday Law, PLLC","article_publisher":"https:\/\/www.facebook.com\/profile.php?id=100090077992253","article_modified_time":"2026-05-12T15:51:29+00:00","og_image":[{"width":1200,"height":1500,"url":"https:\/\/sudaylaw.com\/wp-content\/uploads\/2025\/08\/Mr.-Juan-Gonzalez.jpg","type":"image\/jpeg"}],"twitter_card":"summary_large_image","twitter_misc":{"Tiempo de lectura":"2 minutos"},"schema":{"@context":"https:\/\/schema.org","@graph":[{"@type":["WebPage","ProfilePage"],"@id":"https:\/\/sudaylaw.com\/juan-gonzalez-attorney\/","url":"https:\/\/sudaylaw.com\/juan-gonzalez-attorney\/","name":"Juan Gonz\u00e1lez | Immigration Attorney | Suday Law PLLC","isPartOf":{"@id":"https:\/\/sudaylaw.com\/#website"},"primaryImageOfPage":{"@id":"https:\/\/sudaylaw.com\/juan-gonzalez-attorney\/#primaryimage"},"image":{"@id":"https:\/\/sudaylaw.com\/juan-gonzalez-attorney\/#primaryimage"},"thumbnailUrl":"https:\/\/sudaylaw.com\/wp-content\/uploads\/2025\/08\/Mr.-Juan-Gonzalez-819x1024.jpg","datePublished":"2025-08-22T15:58:40+00:00","dateModified":"2026-05-12T15:51:29+00:00","description":"Meet Juan Gonz\u00e1lez, an immigration attorney at Suday Law PLLC with more than 30 years of legal experience guiding individuals and families through complex immigration matters with skill and compassion.","breadcrumb":{"@id":"https:\/\/sudaylaw.com\/juan-gonzalez-attorney\/#breadcrumb"},"inLanguage":"es","potentialAction":[{"@type":"ReadAction","target":["https:\/\/sudaylaw.com\/juan-gonzalez-attorney\/"]}]},{"@type":"ImageObject","inLanguage":"es","@id":"https:\/\/sudaylaw.com\/juan-gonzalez-attorney\/#primaryimage","url":"https:\/\/sudaylaw.com\/wp-content\/uploads\/2025\/08\/Mr.-Juan-Gonzalez-819x1024.jpg","contentUrl":"https:\/\/sudaylaw.com\/wp-content\/uploads\/2025\/08\/Mr.-Juan-Gonzalez-819x1024.jpg"},{"@type":"BreadcrumbList","@id":"https:\/\/sudaylaw.com\/juan-gonzalez-attorney\/#breadcrumb","itemListElement":[{"@type":"ListItem","position":1,"name":"Home","item":"https:\/\/sudaylaw.com\/"},{"@type":"ListItem","position":2,"name":"Juan Gonz\u00e1lez &#8211; Attorney"}]},{"@type":"WebSite","@id":"https:\/\/sudaylaw.com\/#website","url":"https:\/\/sudaylaw.com\/","name":"Suday Law, PLLC","description":"","publisher":{"@id":"https:\/\/sudaylaw.com\/#organization"},"potentialAction":[{"@type":"SearchAction","target":{"@type":"EntryPoint","urlTemplate":"https:\/\/sudaylaw.com\/?s={search_term_string}"},"query-input":{"@type":"PropertyValueSpecification","valueRequired":true,"valueName":"search_term_string"}}],"inLanguage":"es"},{"@type":"Organization","@id":"https:\/\/sudaylaw.com\/#organization","name":"Suday Law, PLLC","url":"https:\/\/sudaylaw.com\/","logo":{"@type":"ImageObject","inLanguage":"es","@id":"https:\/\/sudaylaw.com\/#\/schema\/logo\/image\/","url":"https:\/\/sudaylaw.com\/wp-content\/uploads\/2025\/07\/Our-Experience-11-e1752168092730.webp","contentUrl":"https:\/\/sudaylaw.com\/wp-content\/uploads\/2025\/07\/Our-Experience-11-e1752168092730.webp","width":1600,"height":1270,"caption":"Suday Law, PLLC"},"image":{"@id":"https:\/\/sudaylaw.com\/#\/schema\/logo\/image\/"},"sameAs":["https:\/\/www.facebook.com\/profile.php?id=100090077992253","https:\/\/www.instagram.com\/abogado_suday"],"mainEntityOfPage":{"@id":"https:\/\/sudaylaw.com\/juan-gonzalez-attorney\/"}}]}},"_links":{"self":[{"href":"https:\/\/sudaylaw.com\/es\/wp-json\/wp\/v2\/pages\/1267","targetHints":{"allow":["GET"]}}],"collection":[{"href":"https:\/\/sudaylaw.com\/es\/wp-json\/wp\/v2\/pages"}],"about":[{"href":"https:\/\/sudaylaw.com\/es\/wp-json\/wp\/v2\/types\/page"}],"author":[{"embeddable":true,"href":"https:\/\/sudaylaw.com\/es\/wp-json\/wp\/v2\/users\/1"}],"replies":[{"embeddable":true,"href":"https:\/\/sudaylaw.com\/es\/wp-json\/wp\/v2\/comments?post=1267"}],"version-history":[{"count":29,"href":"https:\/\/sudaylaw.com\/es\/wp-json\/wp\/v2\/pages\/1267\/revisions"}],"predecessor-version":[{"id":1862,"href":"https:\/\/sudaylaw.com\/es\/wp-json\/wp\/v2\/pages\/1267\/revisions\/1862"}],"wp:attachment":[{"href":"https:\/\/sudaylaw.com\/es\/wp-json\/wp\/v2\/media?parent=1267"}],"curies":[{"name":"wp","href":"https:\/\/api.w.org\/{rel}","templated":true}]}}