{"id":1080,"date":"2025-07-06T13:54:12","date_gmt":"2025-07-06T13:54:12","guid":{"rendered":"https:\/\/sudaylaw.com\/david-rodriguez-burns\/"},"modified":"2026-05-12T15:45:22","modified_gmt":"2026-05-12T15:45:22","slug":"david-rodriguez-burns","status":"publish","type":"page","link":"https:\/\/sudaylaw.com\/es\/david-rodriguez-burns\/","title":{"rendered":"David Rodr\u00edguez Burns"},"content":{"rendered":"<div data-elementor-type=\"wp-page\" data-elementor-id=\"1080\" class=\"elementor elementor-1080\" data-elementor-post-type=\"page\">\n\t\t\t\t<div class=\"elementor-element elementor-element-ef8ffff e-flex e-con-boxed e-con e-parent\" data-id=\"ef8ffff\" data-element_type=\"container\" data-e-type=\"container\">\n\t\t\t\t\t<div class=\"e-con-inner\">\n\t\t<div class=\"elementor-element elementor-element-31294e74 e-con-full e-flex e-con e-child\" data-id=\"31294e74\" data-element_type=\"container\" data-e-type=\"container\">\n\t\t<div class=\"elementor-element elementor-element-65e4b4fd e-con-full e-flex e-con e-child\" data-id=\"65e4b4fd\" data-element_type=\"container\" data-e-type=\"container\">\n\t\t\t\t<div class=\"elementor-element elementor-element-2f595ea elementor-widget elementor-widget-heading\" data-id=\"2f595ea\" data-element_type=\"widget\" data-e-type=\"widget\" data-widget_type=\"heading.default\">\n\t\t\t\t<div class=\"elementor-widget-container\">\n\t\t\t\t\t<h1 class=\"elementor-heading-title elementor-size-default\">David Rodr\u00edguez Burns<\/h1>\t\t\t\t<\/div>\n\t\t\t\t<\/div>\n\t\t\t\t<div class=\"elementor-element elementor-element-5a4a3594 elementor-icon-list--layout-traditional elementor-list-item-link-full_width elementor-widget elementor-widget-icon-list\" data-id=\"5a4a3594\" data-element_type=\"widget\" data-e-type=\"widget\" data-widget_type=\"icon-list.default\">\n\t\t\t\t<div class=\"elementor-widget-container\">\n\t\t\t\t\t\t\t<ul class=\"elementor-icon-list-items\">\n\t\t\t\t\t\t\t<li class=\"elementor-icon-list-item\">\n\t\t\t\t\t\t\t\t\t\t<span class=\"elementor-icon-list-text\">Of Counsel, Suday Law PLLC<\/span>\n\t\t\t\t\t\t\t\t\t<\/li>\n\t\t\t\t\t\t\t\t<li class=\"elementor-icon-list-item\">\n\t\t\t\t\t\t\t\t\t\t<span class=\"elementor-icon-list-text\">Managing Member, Law Office of David Rodr\u00edguez Burns, PLLC<\/span>\n\t\t\t\t\t\t\t\t\t<\/li>\n\t\t\t\t\t\t<\/ul>\n\t\t\t\t\t\t<\/div>\n\t\t\t\t<\/div>\n\t\t\t\t<div class=\"elementor-element elementor-element-385e9909 elementor-widget elementor-widget-text-editor\" data-id=\"385e9909\" data-element_type=\"widget\" data-e-type=\"widget\" data-widget_type=\"text-editor.default\">\n\t\t\t\t<div class=\"elementor-widget-container\">\n\t\t\t\t\t\t\t\t\t<p>David Rodr\u00edguez Burns es una fuerza poderosa en la sala del tribunal, con casi 30 a\u00f1os de experiencia legal. Litigante agudo y pensador estrat\u00e9gico, David combina un profundo conocimiento en litigios civiles con una pasi\u00f3n por defender a inmigrantes que enfrentan las batallas m\u00e1s dif\u00edciles de sus vidas. Su carrera abarca complejos litigios en tribunales federales y estatales, as\u00ed como defensa migratoria de alto riesgo, lo que le ha ganado la reputaci\u00f3n de ser el abogado al que acuden cuando el resultado realmente importa.<\/p>\t\t\t\t\t\t\t\t<\/div>\n\t\t\t\t<\/div>\n\t\t\t\t<\/div>\n\t\t<div class=\"elementor-element elementor-element-7bef1eb5 e-con-full e-flex e-con e-child\" data-id=\"7bef1eb5\" data-element_type=\"container\" data-e-type=\"container\">\n\t\t\t\t<div class=\"elementor-element elementor-element-2cb70b5e elementor-widget elementor-widget-image\" data-id=\"2cb70b5e\" data-element_type=\"widget\" data-e-type=\"widget\" data-widget_type=\"image.default\">\n\t\t\t\t<div class=\"elementor-widget-container\">\n\t\t\t\t\t\t\t\t\t\t\t\t\t\t\t<img fetchpriority=\"high\" decoding=\"async\" width=\"800\" height=\"1000\" src=\"https:\/\/sudaylaw.com\/wp-content\/uploads\/2025\/07\/David-Rodriguez-Burns1-819x1024.jpg\" class=\"attachment-large size-large wp-image-1029\" alt=\"David Rodriguez Burns - Suday Law Team\" srcset=\"https:\/\/sudaylaw.com\/wp-content\/uploads\/2025\/07\/David-Rodriguez-Burns1-819x1024.jpg 819w, https:\/\/sudaylaw.com\/wp-content\/uploads\/2025\/07\/David-Rodriguez-Burns1-240x300.jpg 240w, https:\/\/sudaylaw.com\/wp-content\/uploads\/2025\/07\/David-Rodriguez-Burns1-768x960.jpg 768w, https:\/\/sudaylaw.com\/wp-content\/uploads\/2025\/07\/David-Rodriguez-Burns1-10x12.jpg 10w, https:\/\/sudaylaw.com\/wp-content\/uploads\/2025\/07\/David-Rodriguez-Burns1.jpg 1200w\" sizes=\"(max-width: 800px) 100vw, 800px\" \/>\t\t\t\t\t\t\t\t\t\t\t\t\t\t\t<\/div>\n\t\t\t\t<\/div>\n\t\t\t\t<\/div>\n\t\t\t\t<div class=\"elementor-element elementor-element-3078cc56 elementor-widget elementor-widget-text-editor\" data-id=\"3078cc56\" data-element_type=\"widget\" data-e-type=\"widget\" data-widget_type=\"text-editor.default\">\n\t\t\t\t<div class=\"elementor-widget-container\">\n\t\t\t\t\t\t\t\t\t<p>David es un abogado de inmigraci\u00f3n destacado, enfocado en la defensa contra la deportaci\u00f3n. Representa a individuos y familias en la corte de inmigraci\u00f3n con habilidad, coraz\u00f3n y determinaci\u00f3n, ayudando exitosamente a muchos clientes a obtener asilo y permanecer en Estados Unidos. Entiende lo que est\u00e1 en juego en cada caso y lucha con precisi\u00f3n y prop\u00f3sito para lograr resultados.<\/p><p>Antes de dedicar gran parte de su pr\u00e1ctica a inmigraci\u00f3n, David construy\u00f3 una distinguida carrera en litigios civiles. Ha representado a personas, empresas y agencias gubernamentales en asuntos de responsabilidad civil, comerciales, laborales y de derechos civiles en tribunales estatales y federales \u2014 incluyendo argumentos orales ante el Tribunal de Apelaciones del Primer Circuito de EE.UU. Este s\u00f3lido trasfondo en litigios le da una ventaja en la corte de inmigraci\u00f3n, donde los argumentos legales bien fundamentados y la seguridad en el estrado marcan toda la diferencia.<\/p><p>David es Socio Director de su propio despacho en Houston, Texas, y orgullosamente funge como Of Counsel en Suday Law PLLC. Anteriormente fue abogado principal del Departamento de Litigios Civiles y Empresariales en The Gonzalez Law Group, PLLC. Al inicio de su carrera, se desempe\u00f1\u00f3 como asesor legislativo del exgobernador de Puerto Rico, lo que le dio una visi\u00f3n amplia del derecho, las pol\u00edticas p\u00fablicas y c\u00f3mo ganar estrat\u00e9gicamente.<\/p><p>Obtuvo su t\u00edtulo de abogado (J.D.) en Thurgood Marshall School of Law y su licenciatura en Econom\u00eda en Boston University. Est\u00e1 licenciado en Texas y admitido en m\u00faltiples tribunales federales, incluido el Tribunal de Distrito de EE.UU. para el Distrito Sur de Texas y el Tribunal de Apelaciones del Primer Circuito.<\/p><p>David es biling\u00fce en ingl\u00e9s y espa\u00f1ol, y orgulloso miembro de AILA, la Asociaci\u00f3n de Abogados de Houston, la Asociaci\u00f3n de Abogados Litigantes de Houston, la Asociaci\u00f3n de Abogados Hispanos de Houston y la American Bar Association.<\/p>\t\t\t\t\t\t\t\t<\/div>\n\t\t\t\t<\/div>\n\t\t\t\t<\/div>\n\t\t<div class=\"elementor-element elementor-element-3c0fe408 e-con-full elementor-hidden-tablet elementor-hidden-mobile e-flex e-con e-child\" data-id=\"3c0fe408\" data-element_type=\"container\" data-e-type=\"container\">\n\t\t<div class=\"elementor-element elementor-element-10641d80 e-con-full e-flex e-con e-child\" data-id=\"10641d80\" data-element_type=\"container\" data-e-type=\"container\" data-settings=\"{&quot;background_background&quot;:&quot;classic&quot;}\">\n\t\t\t\t<div class=\"elementor-element elementor-element-2e30c312 elementor-widget elementor-widget-image\" data-id=\"2e30c312\" data-element_type=\"widget\" data-e-type=\"widget\" data-widget_type=\"image.default\">\n\t\t\t\t<div class=\"elementor-widget-container\">\n\t\t\t\t\t\t\t\t\t\t\t\t\t\t\t<img decoding=\"async\" width=\"421\" height=\"263\" src=\"https:\/\/sudaylaw.com\/wp-content\/uploads\/2025\/07\/Suday-Law-PLLC-Black-Logo1.jpg\" class=\"attachment-large size-large wp-image-1030\" alt=\"Suday Law Logo\" srcset=\"https:\/\/sudaylaw.com\/wp-content\/uploads\/2025\/07\/Suday-Law-PLLC-Black-Logo1.jpg 421w, https:\/\/sudaylaw.com\/wp-content\/uploads\/2025\/07\/Suday-Law-PLLC-Black-Logo1-300x187.jpg 300w, https:\/\/sudaylaw.com\/wp-content\/uploads\/2025\/07\/Suday-Law-PLLC-Black-Logo1-18x12.jpg 18w\" sizes=\"(max-width: 421px) 100vw, 421px\" \/>\t\t\t\t\t\t\t\t\t\t\t\t\t\t\t<\/div>\n\t\t\t\t<\/div>\n\t\t\t\t<div class=\"elementor-element elementor-element-2bcc9992 elementor-widget elementor-widget-heading\" data-id=\"2bcc9992\" data-element_type=\"widget\" data-e-type=\"widget\" data-widget_type=\"heading.default\">\n\t\t\t\t<div class=\"elementor-widget-container\">\n\t\t\t\t\t<h2 class=\"elementor-heading-title elementor-size-default\">Agenda una evaluaci\u00f3n de tu caso<\/h2>\t\t\t\t<\/div>\n\t\t\t\t<\/div>\n\t\t\t\t<div class=\"elementor-element elementor-element-43a8e394 elementor-widget elementor-widget-heading\" data-id=\"43a8e394\" data-element_type=\"widget\" data-e-type=\"widget\" data-widget_type=\"heading.default\">\n\t\t\t\t<div class=\"elementor-widget-container\">\n\t\t\t\t\t<h2 class=\"elementor-heading-title elementor-size-default\">ll\u00e1manos<\/h2>\t\t\t\t<\/div>\n\t\t\t\t<\/div>\n\t\t\t\t<div class=\"elementor-element elementor-element-33bb7359 elementor-widget elementor-widget-heading\" data-id=\"33bb7359\" data-element_type=\"widget\" data-e-type=\"widget\" data-widget_type=\"heading.default\">\n\t\t\t\t<div class=\"elementor-widget-container\">\n\t\t\t\t\t<h2 class=\"elementor-heading-title elementor-size-default\"><a href=\"tel:+13464904520\">+1 (346) 490-4520<\/a><\/h2>\t\t\t\t<\/div>\n\t\t\t\t<\/div>\n\t\t\t\t<\/div>\n\t\t\t\t<div class=\"elementor-element elementor-element-776a52ef elementor-widget elementor-widget-heading\" data-id=\"776a52ef\" data-element_type=\"widget\" data-e-type=\"widget\" data-widget_type=\"heading.default\">\n\t\t\t\t<div class=\"elementor-widget-container\">\n\t\t\t\t\t<h2 class=\"elementor-heading-title elementor-size-default\">Areas de pr\u00e1ctica<\/h2>\t\t\t\t<\/div>\n\t\t\t\t<\/div>\n\t\t\t\t<div class=\"elementor-element elementor-element-39fcb737 elementor-icon-list--layout-traditional elementor-list-item-link-full_width elementor-widget elementor-widget-icon-list\" data-id=\"39fcb737\" data-element_type=\"widget\" data-e-type=\"widget\" data-widget_type=\"icon-list.default\">\n\t\t\t\t<div class=\"elementor-widget-container\">\n\t\t\t\t\t\t\t<ul class=\"elementor-icon-list-items\">\n\t\t\t\t\t\t\t<li class=\"elementor-icon-list-item\">\n\t\t\t\t\t\t\t\t\t\t\t<span class=\"elementor-icon-list-icon\">\n\t\t\t\t\t\t\t<svg aria-hidden=\"true\" class=\"e-font-icon-svg e-fas-dot-circle\" viewbox=\"0 0 512 512\" xmlns=\"http:\/\/www.w3.org\/2000\/svg\"><path d=\"M256 8C119.033 8 8 119.033 8 256s111.033 248 248 248 248-111.033 248-248S392.967 8 256 8zm80 248c0 44.112-35.888 80-80 80s-80-35.888-80-80 35.888-80 80-80 80 35.888 80 80z\"><\/path><\/svg>\t\t\t\t\t\t<\/span>\n\t\t\t\t\t\t\t\t\t\t<span class=\"elementor-icon-list-text\">Ley de inmigraci\u00f3n<\/span>\n\t\t\t\t\t\t\t\t\t<\/li>\n\t\t\t\t\t\t\t\t<li class=\"elementor-icon-list-item\">\n\t\t\t\t\t\t\t\t\t\t\t<span class=\"elementor-icon-list-icon\">\n\t\t\t\t\t\t\t<svg aria-hidden=\"true\" class=\"e-font-icon-svg e-fas-dot-circle\" viewbox=\"0 0 512 512\" xmlns=\"http:\/\/www.w3.org\/2000\/svg\"><path d=\"M256 8C119.033 8 8 119.033 8 256s111.033 248 248 248 248-111.033 248-248S392.967 8 256 8zm80 248c0 44.112-35.888 80-80 80s-80-35.888-80-80 35.888-80 80-80 80 35.888 80 80z\"><\/path><\/svg>\t\t\t\t\t\t<\/span>\n\t\t\t\t\t\t\t\t\t\t<span class=\"elementor-icon-list-text\">lesiones personales<\/span>\n\t\t\t\t\t\t\t\t\t<\/li>\n\t\t\t\t\t\t\t\t<li class=\"elementor-icon-list-item\">\n\t\t\t\t\t\t\t\t\t\t\t<span class=\"elementor-icon-list-icon\">\n\t\t\t\t\t\t\t<svg aria-hidden=\"true\" class=\"e-font-icon-svg e-fas-dot-circle\" viewbox=\"0 0 512 512\" xmlns=\"http:\/\/www.w3.org\/2000\/svg\"><path d=\"M256 8C119.033 8 8 119.033 8 256s111.033 248 248 248 248-111.033 248-248S392.967 8 256 8zm80 248c0 44.112-35.888 80-80 80s-80-35.888-80-80 35.888-80 80-80 80 35.888 80 80z\"><\/path><\/svg>\t\t\t\t\t\t<\/span>\n\t\t\t\t\t\t\t\t\t\t<span class=\"elementor-icon-list-text\">Litigios Civiles <\/span>\n\t\t\t\t\t\t\t\t\t<\/li>\n\t\t\t\t\t\t<\/ul>\n\t\t\t\t\t\t<\/div>\n\t\t\t\t<\/div>\n\t\t\t\t<\/div>\n\t\t\t\t\t<\/div>\n\t\t\t\t<\/div>\n\t\t\t\t<section class=\"elementor-section elementor-top-section elementor-element elementor-element-f5e956b elementor-section-boxed elementor-section-height-default elementor-section-height-default elementor-invisible\" data-id=\"f5e956b\" data-element_type=\"section\" data-e-type=\"section\" data-settings=\"{&quot;background_background&quot;:&quot;classic&quot;,&quot;shape_divider_top&quot;:&quot;arrow&quot;,&quot;animation&quot;:&quot;fadeInUp&quot;}\">\n\t\t\t\t\t\t\t<div class=\"elementor-background-overlay\"><\/div>\n\t\t\t\t\t\t<div class=\"elementor-shape elementor-shape-top\" aria-hidden=\"true\" data-negative=\"false\">\n\t\t\t<svg xmlns=\"http:\/\/www.w3.org\/2000\/svg\" viewbox=\"0 0 700 10\" preserveaspectratio=\"none\">\n\t<path class=\"elementor-shape-fill\" d=\"M350,10L340,0h20L350,10z\"\/>\n<\/svg>\t\t<\/div>\n\t\t\t\t\t<div class=\"elementor-container elementor-column-gap-default\">\n\t\t\t\t\t<div class=\"elementor-column elementor-col-100 elementor-top-column elementor-element elementor-element-7593a333\" data-id=\"7593a333\" data-element_type=\"column\" data-e-type=\"column\">\n\t\t\t<div class=\"elementor-widget-wrap elementor-element-populated\">\n\t\t\t\t\t\t<div class=\"elementor-element elementor-element-f4a0205 elementor-widget elementor-widget-heading\" data-id=\"f4a0205\" data-element_type=\"widget\" data-e-type=\"widget\" data-widget_type=\"heading.default\">\n\t\t\t\t<div class=\"elementor-widget-container\">\n\t\t\t\t\t<h2 class=\"elementor-heading-title elementor-size-default\">No dejes que las incertidumbres legales te detengan<\/h2>\t\t\t\t<\/div>\n\t\t\t\t<\/div>\n\t\t\t\t<div class=\"elementor-element elementor-element-5b3cd935 elementor-widget elementor-widget-heading\" data-id=\"5b3cd935\" data-element_type=\"widget\" data-e-type=\"widget\" data-widget_type=\"heading.default\">\n\t\t\t\t<div class=\"elementor-widget-container\">\n\t\t\t\t\t<h2 class=\"elementor-heading-title elementor-size-default\">Agenda ahora tu evaluaci\u00f3n gratuita del caso <\/h2>\t\t\t\t<\/div>\n\t\t\t\t<\/div>\n\t\t\t\t<div class=\"elementor-element elementor-element-7ebee733 elementor-widget__width-initial elementor-widget elementor-widget-heading\" data-id=\"7ebee733\" data-element_type=\"widget\" data-e-type=\"widget\" data-widget_type=\"heading.default\">\n\t\t\t\t<div class=\"elementor-widget-container\">\n\t\t\t\t\t<h3 class=\"elementor-heading-title elementor-size-default\">Da el primer paso hacia la justicia. Programa una consulta con Jes\u00fas Suday para analizar tu caso y beneficiarte de nuestro apoyo legal comprometido. Cont\u00e1ctanos hoy mismo para agendar tu consulta.<\/h3>\t\t\t\t<\/div>\n\t\t\t\t<\/div>\n\t\t\t\t<div class=\"elementor-element elementor-element-6671837a elementor-align-center elementor-widget__width-auto elementor-mobile-align-justify elementor-widget-mobile__width-initial elementor-widget elementor-widget-button\" data-id=\"6671837a\" data-element_type=\"widget\" data-e-type=\"widget\" data-widget_type=\"button.default\">\n\t\t\t\t<div class=\"elementor-widget-container\">\n\t\t\t\t\t\t\t\t\t<div class=\"elementor-button-wrapper\">\n\t\t\t\t\t<a class=\"elementor-button elementor-button-link elementor-size-sm elementor-animation-wobble-skew\" href=\"https:\/\/airtable.com\/app5cRQAx2LfVWZXh\/pagiuIsrfGMpEkMcV\/form\">\n\t\t\t\t\t\t<span class=\"elementor-button-content-wrapper\">\n\t\t\t\t\t\t\t\t\t<span class=\"elementor-button-text\">Evaluaci\u00f3n gratuita del caso<\/span>\n\t\t\t\t\t<\/span>\n\t\t\t\t\t<\/a>\n\t\t\t\t<\/div>\n\t\t\t\t\t\t\t\t<\/div>\n\t\t\t\t<\/div>\n\t\t\t\t\t<\/div>\n\t\t<\/div>\n\t\t\t\t\t<\/div>\n\t\t<\/section>\n\t\t\t\t<\/div>","protected":false},"excerpt":{"rendered":"<p>David Rodr\u00edguez Burns Of Counsel, Suday Law PLLC Managing Member, Law Office of David Rodr\u00edguez Burns, PLLC David Rodr\u00edguez Burns is a powerful force in the courtroom with nearly 30 years of legal experience. A sharp litigator and strategic thinker, David combines deep civil litigation knowledge with a passion for defending immigrants facing the toughest [&hellip;]<\/p>","protected":false},"author":1,"featured_media":0,"parent":0,"menu_order":0,"comment_status":"closed","ping_status":"closed","template":"","meta":{"footnotes":""},"class_list":["post-1080","page","type-page","status-publish","hentry"],"yoast_head":"<!-- This site is optimized with the Yoast SEO plugin v25.9 - https:\/\/yoast.com\/wordpress\/plugins\/seo\/ -->\n<title>David Rodr\u00edguez Burns | Immigration Defense Attorney | Suday Law<\/title>\n<meta name=\"description\" content=\"Meet David Rodr\u00edguez Burns, an experienced immigration defense attorney at Suday Law with nearly 30 years of litigation experience handling removal defense, asylum, and complex court cases.\" \/>\n<meta name=\"robots\" content=\"index, follow, max-snippet:-1, max-image-preview:large, max-video-preview:-1\" \/>\n<link rel=\"canonical\" href=\"https:\/\/sudaylaw.com\/es\/david-rodriguez-burns\/\" \/>\n<meta property=\"og:locale\" content=\"es_ES\" \/>\n<meta property=\"og:type\" content=\"article\" \/>\n<meta property=\"og:title\" content=\"David Rodr\u00edguez Burns | Immigration Defense Attorney | Suday Law\" \/>\n<meta property=\"og:description\" content=\"Meet David Rodr\u00edguez Burns, an experienced immigration defense attorney at Suday Law with nearly 30 years of litigation experience handling removal defense, asylum, and complex court cases.\" \/>\n<meta property=\"og:url\" content=\"https:\/\/sudaylaw.com\/es\/david-rodriguez-burns\/\" \/>\n<meta property=\"og:site_name\" content=\"Suday Law, PLLC\" \/>\n<meta property=\"article:publisher\" content=\"https:\/\/www.facebook.com\/profile.php?id=100090077992253\" \/>\n<meta property=\"article:modified_time\" content=\"2026-05-12T15:45:22+00:00\" \/>\n<meta property=\"og:image\" content=\"https:\/\/sudaylaw.com\/wp-content\/uploads\/2025\/07\/David-Rodriguez-Burns1.jpg\" \/>\n\t<meta property=\"og:image:width\" content=\"1200\" \/>\n\t<meta property=\"og:image:height\" content=\"1500\" \/>\n\t<meta property=\"og:image:type\" content=\"image\/jpeg\" \/>\n<meta name=\"twitter:card\" content=\"summary_large_image\" \/>\n<meta name=\"twitter:label1\" content=\"Tiempo de lectura\" \/>\n\t<meta name=\"twitter:data1\" content=\"3 minutos\" \/>\n<script type=\"application\/ld+json\" class=\"yoast-schema-graph\">{\"@context\":\"https:\/\/schema.org\",\"@graph\":[{\"@type\":[\"WebPage\",\"ProfilePage\"],\"@id\":\"https:\/\/sudaylaw.com\/david-rodriguez-burns\/\",\"url\":\"https:\/\/sudaylaw.com\/david-rodriguez-burns\/\",\"name\":\"David Rodr\u00edguez Burns | Immigration Defense Attorney | Suday Law\",\"isPartOf\":{\"@id\":\"https:\/\/sudaylaw.com\/#website\"},\"primaryImageOfPage\":{\"@id\":\"https:\/\/sudaylaw.com\/david-rodriguez-burns\/#primaryimage\"},\"image\":{\"@id\":\"https:\/\/sudaylaw.com\/david-rodriguez-burns\/#primaryimage\"},\"thumbnailUrl\":\"https:\/\/sudaylaw.com\/wp-content\/uploads\/2025\/07\/David-Rodriguez-Burns1-819x1024.jpg\",\"datePublished\":\"2025-07-06T13:54:12+00:00\",\"dateModified\":\"2026-05-12T15:45:22+00:00\",\"description\":\"Meet David Rodr\u00edguez Burns, an experienced immigration defense attorney at Suday Law with nearly 30 years of litigation experience handling removal defense, asylum, and complex court cases.\",\"breadcrumb\":{\"@id\":\"https:\/\/sudaylaw.com\/david-rodriguez-burns\/#breadcrumb\"},\"inLanguage\":\"es\",\"potentialAction\":[{\"@type\":\"ReadAction\",\"target\":[\"https:\/\/sudaylaw.com\/david-rodriguez-burns\/\"]}]},{\"@type\":\"ImageObject\",\"inLanguage\":\"es\",\"@id\":\"https:\/\/sudaylaw.com\/david-rodriguez-burns\/#primaryimage\",\"url\":\"https:\/\/sudaylaw.com\/wp-content\/uploads\/2025\/07\/David-Rodriguez-Burns1-819x1024.jpg\",\"contentUrl\":\"https:\/\/sudaylaw.com\/wp-content\/uploads\/2025\/07\/David-Rodriguez-Burns1-819x1024.jpg\"},{\"@type\":\"BreadcrumbList\",\"@id\":\"https:\/\/sudaylaw.com\/david-rodriguez-burns\/#breadcrumb\",\"itemListElement\":[{\"@type\":\"ListItem\",\"position\":1,\"name\":\"Home\",\"item\":\"https:\/\/sudaylaw.com\/\"},{\"@type\":\"ListItem\",\"position\":2,\"name\":\"David Rodr\u00edguez Burns\"}]},{\"@type\":\"WebSite\",\"@id\":\"https:\/\/sudaylaw.com\/#website\",\"url\":\"https:\/\/sudaylaw.com\/\",\"name\":\"Suday Law, PLLC\",\"description\":\"\",\"publisher\":{\"@id\":\"https:\/\/sudaylaw.com\/#organization\"},\"potentialAction\":[{\"@type\":\"SearchAction\",\"target\":{\"@type\":\"EntryPoint\",\"urlTemplate\":\"https:\/\/sudaylaw.com\/?s={search_term_string}\"},\"query-input\":{\"@type\":\"PropertyValueSpecification\",\"valueRequired\":true,\"valueName\":\"search_term_string\"}}],\"inLanguage\":\"es\"},{\"@type\":\"Organization\",\"@id\":\"https:\/\/sudaylaw.com\/#organization\",\"name\":\"Suday Law, PLLC\",\"url\":\"https:\/\/sudaylaw.com\/\",\"logo\":{\"@type\":\"ImageObject\",\"inLanguage\":\"es\",\"@id\":\"https:\/\/sudaylaw.com\/#\/schema\/logo\/image\/\",\"url\":\"https:\/\/sudaylaw.com\/wp-content\/uploads\/2025\/07\/Our-Experience-11-e1752168092730.webp\",\"contentUrl\":\"https:\/\/sudaylaw.com\/wp-content\/uploads\/2025\/07\/Our-Experience-11-e1752168092730.webp\",\"width\":1600,\"height\":1270,\"caption\":\"Suday Law, PLLC\"},\"image\":{\"@id\":\"https:\/\/sudaylaw.com\/#\/schema\/logo\/image\/\"},\"sameAs\":[\"https:\/\/www.facebook.com\/profile.php?id=100090077992253\",\"https:\/\/www.instagram.com\/abogado_suday\"],\"mainEntityOfPage\":{\"@id\":\"https:\/\/sudaylaw.com\/david-rodriguez-burns\/\"}}]}<\/script>\n<!-- \/ Yoast SEO plugin. -->","yoast_head_json":{"title":"David Rodr\u00edguez Burns | Immigration Defense Attorney | Suday Law","description":"Meet David Rodr\u00edguez Burns, an experienced immigration defense attorney at Suday Law with nearly 30 years of litigation experience handling removal defense, asylum, and complex court cases.","robots":{"index":"index","follow":"follow","max-snippet":"max-snippet:-1","max-image-preview":"max-image-preview:large","max-video-preview":"max-video-preview:-1"},"canonical":"https:\/\/sudaylaw.com\/es\/david-rodriguez-burns\/","og_locale":"es_ES","og_type":"article","og_title":"David Rodr\u00edguez Burns | Immigration Defense Attorney | Suday Law","og_description":"Meet David Rodr\u00edguez Burns, an experienced immigration defense attorney at Suday Law with nearly 30 years of litigation experience handling removal defense, asylum, and complex court cases.","og_url":"https:\/\/sudaylaw.com\/es\/david-rodriguez-burns\/","og_site_name":"Suday Law, PLLC","article_publisher":"https:\/\/www.facebook.com\/profile.php?id=100090077992253","article_modified_time":"2026-05-12T15:45:22+00:00","og_image":[{"width":1200,"height":1500,"url":"https:\/\/sudaylaw.com\/wp-content\/uploads\/2025\/07\/David-Rodriguez-Burns1.jpg","type":"image\/jpeg"}],"twitter_card":"summary_large_image","twitter_misc":{"Tiempo de lectura":"3 minutos"},"schema":{"@context":"https:\/\/schema.org","@graph":[{"@type":["WebPage","ProfilePage"],"@id":"https:\/\/sudaylaw.com\/david-rodriguez-burns\/","url":"https:\/\/sudaylaw.com\/david-rodriguez-burns\/","name":"David Rodr\u00edguez Burns | Immigration Defense Attorney | Suday Law","isPartOf":{"@id":"https:\/\/sudaylaw.com\/#website"},"primaryImageOfPage":{"@id":"https:\/\/sudaylaw.com\/david-rodriguez-burns\/#primaryimage"},"image":{"@id":"https:\/\/sudaylaw.com\/david-rodriguez-burns\/#primaryimage"},"thumbnailUrl":"https:\/\/sudaylaw.com\/wp-content\/uploads\/2025\/07\/David-Rodriguez-Burns1-819x1024.jpg","datePublished":"2025-07-06T13:54:12+00:00","dateModified":"2026-05-12T15:45:22+00:00","description":"Meet David Rodr\u00edguez Burns, an experienced immigration defense attorney at Suday Law with nearly 30 years of litigation experience handling removal defense, asylum, and complex court cases.","breadcrumb":{"@id":"https:\/\/sudaylaw.com\/david-rodriguez-burns\/#breadcrumb"},"inLanguage":"es","potentialAction":[{"@type":"ReadAction","target":["https:\/\/sudaylaw.com\/david-rodriguez-burns\/"]}]},{"@type":"ImageObject","inLanguage":"es","@id":"https:\/\/sudaylaw.com\/david-rodriguez-burns\/#primaryimage","url":"https:\/\/sudaylaw.com\/wp-content\/uploads\/2025\/07\/David-Rodriguez-Burns1-819x1024.jpg","contentUrl":"https:\/\/sudaylaw.com\/wp-content\/uploads\/2025\/07\/David-Rodriguez-Burns1-819x1024.jpg"},{"@type":"BreadcrumbList","@id":"https:\/\/sudaylaw.com\/david-rodriguez-burns\/#breadcrumb","itemListElement":[{"@type":"ListItem","position":1,"name":"Home","item":"https:\/\/sudaylaw.com\/"},{"@type":"ListItem","position":2,"name":"David Rodr\u00edguez Burns"}]},{"@type":"WebSite","@id":"https:\/\/sudaylaw.com\/#website","url":"https:\/\/sudaylaw.com\/","name":"Suday Law, PLLC","description":"","publisher":{"@id":"https:\/\/sudaylaw.com\/#organization"},"potentialAction":[{"@type":"SearchAction","target":{"@type":"EntryPoint","urlTemplate":"https:\/\/sudaylaw.com\/?s={search_term_string}"},"query-input":{"@type":"PropertyValueSpecification","valueRequired":true,"valueName":"search_term_string"}}],"inLanguage":"es"},{"@type":"Organization","@id":"https:\/\/sudaylaw.com\/#organization","name":"Suday Law, PLLC","url":"https:\/\/sudaylaw.com\/","logo":{"@type":"ImageObject","inLanguage":"es","@id":"https:\/\/sudaylaw.com\/#\/schema\/logo\/image\/","url":"https:\/\/sudaylaw.com\/wp-content\/uploads\/2025\/07\/Our-Experience-11-e1752168092730.webp","contentUrl":"https:\/\/sudaylaw.com\/wp-content\/uploads\/2025\/07\/Our-Experience-11-e1752168092730.webp","width":1600,"height":1270,"caption":"Suday Law, PLLC"},"image":{"@id":"https:\/\/sudaylaw.com\/#\/schema\/logo\/image\/"},"sameAs":["https:\/\/www.facebook.com\/profile.php?id=100090077992253","https:\/\/www.instagram.com\/abogado_suday"],"mainEntityOfPage":{"@id":"https:\/\/sudaylaw.com\/david-rodriguez-burns\/"}}]}},"_links":{"self":[{"href":"https:\/\/sudaylaw.com\/es\/wp-json\/wp\/v2\/pages\/1080","targetHints":{"allow":["GET"]}}],"collection":[{"href":"https:\/\/sudaylaw.com\/es\/wp-json\/wp\/v2\/pages"}],"about":[{"href":"https:\/\/sudaylaw.com\/es\/wp-json\/wp\/v2\/types\/page"}],"author":[{"embeddable":true,"href":"https:\/\/sudaylaw.com\/es\/wp-json\/wp\/v2\/users\/1"}],"replies":[{"embeddable":true,"href":"https:\/\/sudaylaw.com\/es\/wp-json\/wp\/v2\/comments?post=1080"}],"version-history":[{"count":6,"href":"https:\/\/sudaylaw.com\/es\/wp-json\/wp\/v2\/pages\/1080\/revisions"}],"predecessor-version":[{"id":1844,"href":"https:\/\/sudaylaw.com\/es\/wp-json\/wp\/v2\/pages\/1080\/revisions\/1844"}],"wp:attachment":[{"href":"https:\/\/sudaylaw.com\/es\/wp-json\/wp\/v2\/media?parent=1080"}],"curies":[{"name":"wp","href":"https:\/\/api.w.org\/{rel}","templated":true}]}}