{"id":1076,"date":"2025-07-06T13:54:12","date_gmt":"2025-07-06T13:54:12","guid":{"rendered":"https:\/\/sudaylaw.com\/andrea-love-sumpter\/"},"modified":"2026-03-04T17:28:10","modified_gmt":"2026-03-04T17:28:10","slug":"andrea-love-sumpter","status":"publish","type":"page","link":"https:\/\/sudaylaw.com\/es\/andrea-love-sumpter\/","title":{"rendered":"Andrea Love Sumpter"},"content":{"rendered":"<div data-elementor-type=\"wp-page\" data-elementor-id=\"1076\" class=\"elementor elementor-1076\" data-elementor-post-type=\"page\">\n\t\t\t\t<div class=\"elementor-element elementor-element-4b539dcb e-flex e-con-boxed e-con e-parent\" data-id=\"4b539dcb\" data-element_type=\"container\" data-e-type=\"container\">\n\t\t\t\t\t<div class=\"e-con-inner\">\n\t\t<div class=\"elementor-element elementor-element-3c180559 e-con-full e-flex e-con e-child\" data-id=\"3c180559\" data-element_type=\"container\" data-e-type=\"container\">\n\t\t<div class=\"elementor-element elementor-element-7139b172 e-con-full e-flex e-con e-child\" data-id=\"7139b172\" data-element_type=\"container\" data-e-type=\"container\">\n\t\t\t\t<div class=\"elementor-element elementor-element-2bc3a412 elementor-widget elementor-widget-heading\" data-id=\"2bc3a412\" data-element_type=\"widget\" data-e-type=\"widget\" data-widget_type=\"heading.default\">\n\t\t\t\t<div class=\"elementor-widget-container\">\n\t\t\t\t\t<h1 class=\"elementor-heading-title elementor-size-default\">Andrea Love Sumpter<\/h1>\t\t\t\t<\/div>\n\t\t\t\t<\/div>\n\t\t\t\t<div class=\"elementor-element elementor-element-4d9abf34 elementor-icon-list--layout-traditional elementor-list-item-link-full_width elementor-widget elementor-widget-icon-list\" data-id=\"4d9abf34\" data-element_type=\"widget\" data-e-type=\"widget\" data-widget_type=\"icon-list.default\">\n\t\t\t\t<div class=\"elementor-widget-container\">\n\t\t\t\t\t\t\t<ul class=\"elementor-icon-list-items\">\n\t\t\t\t\t\t\t<li class=\"elementor-icon-list-item\">\n\t\t\t\t\t\t\t\t\t\t<span class=\"elementor-icon-list-text\">Of Counsel, Suday Law PLLC<\/span>\n\t\t\t\t\t\t\t\t\t<\/li>\n\t\t\t\t\t\t<\/ul>\n\t\t\t\t\t\t<\/div>\n\t\t\t\t<\/div>\n\t\t\t\t<div class=\"elementor-element elementor-element-49f8faa5 elementor-widget elementor-widget-text-editor\" data-id=\"49f8faa5\" data-element_type=\"widget\" data-e-type=\"widget\" data-widget_type=\"text-editor.default\">\n\t\t\t\t<div class=\"elementor-widget-container\">\n\t\t\t\t\t\t\t\t\t<p>La abogada Andrea Love Sumpter es reconocida a nivel nacional como una de las abogadas m\u00e1s h\u00e1biles y respetadas en cortes de inmigraci\u00f3n. Con m\u00e1s de 15 a\u00f1os de experiencia y una reputaci\u00f3n de excelencia legal, Andrea ha ganado la admiraci\u00f3n de sus colegas y la confianza de clientes que enfrentan algunos de los casos m\u00e1s complejos de deportaci\u00f3n y asilo en las cortes migratorias hoy en d\u00eda.<\/p>\t\t\t\t\t\t\t\t<\/div>\n\t\t\t\t<\/div>\n\t\t\t\t<\/div>\n\t\t<div class=\"elementor-element elementor-element-41bffa76 e-con-full e-flex e-con e-child\" data-id=\"41bffa76\" data-element_type=\"container\" data-e-type=\"container\">\n\t\t\t\t<div class=\"elementor-element elementor-element-53400f5b elementor-widget elementor-widget-image\" data-id=\"53400f5b\" data-element_type=\"widget\" data-e-type=\"widget\" data-widget_type=\"image.default\">\n\t\t\t\t<div class=\"elementor-widget-container\">\n\t\t\t\t\t\t\t\t\t\t\t\t\t\t\t<img fetchpriority=\"high\" decoding=\"async\" width=\"800\" height=\"1000\" src=\"https:\/\/sudaylaw.com\/wp-content\/uploads\/2025\/07\/Andrea-Love-Sumpter-819x1024.jpg\" class=\"attachment-large size-large wp-image-1077\" alt=\"Andrea Love Sumpter - Suday Law Team\" srcset=\"https:\/\/sudaylaw.com\/wp-content\/uploads\/2025\/07\/Andrea-Love-Sumpter-819x1024.jpg 819w, https:\/\/sudaylaw.com\/wp-content\/uploads\/2025\/07\/Andrea-Love-Sumpter-240x300.jpg 240w, https:\/\/sudaylaw.com\/wp-content\/uploads\/2025\/07\/Andrea-Love-Sumpter-768x960.jpg 768w, https:\/\/sudaylaw.com\/wp-content\/uploads\/2025\/07\/Andrea-Love-Sumpter-10x12.jpg 10w, https:\/\/sudaylaw.com\/wp-content\/uploads\/2025\/07\/Andrea-Love-Sumpter.jpg 1200w\" sizes=\"(max-width: 800px) 100vw, 800px\" \/>\t\t\t\t\t\t\t\t\t\t\t\t\t\t\t<\/div>\n\t\t\t\t<\/div>\n\t\t\t\t<\/div>\n\t\t\t\t<div class=\"elementor-element elementor-element-743513f8 elementor-widget elementor-widget-text-editor\" data-id=\"743513f8\" data-element_type=\"widget\" data-e-type=\"widget\" data-widget_type=\"text-editor.default\">\n\t\t\t\t<div class=\"elementor-widget-container\">\n\t\t\t\t\t\t\t\t\t<p>Andrea es conocida en la comunidad legal no solo por su agudo intelecto y dominio del derecho migratorio, sino tambi\u00e9n por su capacidad para ganar casos donde todo parece estar en contra de sus clientes. Es una verdadera estratega en la sala del tribunal: met\u00f3dica, persuasiva y con una serenidad inquebrantable. Abogados de inmigraci\u00f3n en todo el pa\u00eds buscan el consejo y mentor\u00eda de Andrea porque ella no solo conoce la ley \u2014 la domina.<\/p><p>Licenciada desde 2009, Andrea ha construido una carrera legal multifac\u00e9tica con un enfoque central en la defensa migratoria, que incluye asilo, cancelaci\u00f3n de deportaci\u00f3n, audiencias de fianza y apelaciones. Su experiencia en derecho familiar, defensa penal y bancarrotas le otorga una ventaja \u00fanica para comprender la interacci\u00f3n de problemas legales que afectan a las comunidades inmigrantes. Aporta claridad y fortaleza a cada caso que toma.<\/p><p>Adem\u00e1s de su labor legal, Andrea fue una respetada profesora adjunta en Madison College, miembro del consejo directivo del East Madison Community Center, y voluntaria activa en numerosas organizaciones c\u00edvicas. Es miembro de la American Immigration Lawyers Association (AILA), la Asociaci\u00f3n de Abogados de Wisconsin, el Tribunal Federal del Distrito Oeste de Wisconsin y la C\u00e1mara de Comercio Latina.<\/p><p>Como Of Counsel en Suday Law PLLC, Andrea aporta sus habilidades \u00e9lite en el tribunal y su profundo conocimiento jur\u00eddico a casos en todo el pa\u00eds. Para clientes que enfrentan la deportaci\u00f3n o que luchan por quedarse con sus familias, Andrea es la abogada que quieres tener de tu lado. Brillante, dedicada y forjada en batalla \u2014 es, sencillamente, una de las mejores en las cortes de inmigraci\u00f3n.<\/p>\t\t\t\t\t\t\t\t<\/div>\n\t\t\t\t<\/div>\n\t\t\t\t<\/div>\n\t\t<div class=\"elementor-element elementor-element-19fd19c7 e-con-full elementor-hidden-tablet elementor-hidden-mobile e-flex e-con e-child\" data-id=\"19fd19c7\" data-element_type=\"container\" data-e-type=\"container\">\n\t\t<div class=\"elementor-element elementor-element-76e5e13a e-con-full e-flex e-con e-child\" data-id=\"76e5e13a\" data-element_type=\"container\" data-e-type=\"container\" data-settings=\"{&quot;background_background&quot;:&quot;classic&quot;}\">\n\t\t\t\t<div class=\"elementor-element elementor-element-56d104f6 elementor-widget elementor-widget-image\" data-id=\"56d104f6\" data-element_type=\"widget\" data-e-type=\"widget\" data-widget_type=\"image.default\">\n\t\t\t\t<div class=\"elementor-widget-container\">\n\t\t\t\t\t\t\t\t\t\t\t\t\t\t\t<img decoding=\"async\" width=\"421\" height=\"263\" src=\"https:\/\/sudaylaw.com\/wp-content\/uploads\/2025\/07\/Suday-Law-PLLC-Black-Logo1.jpg\" class=\"attachment-large size-large wp-image-1030\" alt=\"Suday Law Logo\" srcset=\"https:\/\/sudaylaw.com\/wp-content\/uploads\/2025\/07\/Suday-Law-PLLC-Black-Logo1.jpg 421w, https:\/\/sudaylaw.com\/wp-content\/uploads\/2025\/07\/Suday-Law-PLLC-Black-Logo1-300x187.jpg 300w, https:\/\/sudaylaw.com\/wp-content\/uploads\/2025\/07\/Suday-Law-PLLC-Black-Logo1-18x12.jpg 18w\" sizes=\"(max-width: 421px) 100vw, 421px\" \/>\t\t\t\t\t\t\t\t\t\t\t\t\t\t\t<\/div>\n\t\t\t\t<\/div>\n\t\t\t\t<div class=\"elementor-element elementor-element-683eedd8 elementor-widget elementor-widget-heading\" data-id=\"683eedd8\" data-element_type=\"widget\" data-e-type=\"widget\" data-widget_type=\"heading.default\">\n\t\t\t\t<div class=\"elementor-widget-container\">\n\t\t\t\t\t<h2 class=\"elementor-heading-title elementor-size-default\">Agenda una evaluaci\u00f3n de tu caso<\/h2>\t\t\t\t<\/div>\n\t\t\t\t<\/div>\n\t\t\t\t<div class=\"elementor-element elementor-element-6bdaa191 elementor-widget elementor-widget-heading\" data-id=\"6bdaa191\" data-element_type=\"widget\" data-e-type=\"widget\" data-widget_type=\"heading.default\">\n\t\t\t\t<div class=\"elementor-widget-container\">\n\t\t\t\t\t<h2 class=\"elementor-heading-title elementor-size-default\">ll\u00e1manos<\/h2>\t\t\t\t<\/div>\n\t\t\t\t<\/div>\n\t\t\t\t<div class=\"elementor-element elementor-element-7153a9b7 elementor-widget elementor-widget-heading\" data-id=\"7153a9b7\" data-element_type=\"widget\" data-e-type=\"widget\" data-widget_type=\"heading.default\">\n\t\t\t\t<div class=\"elementor-widget-container\">\n\t\t\t\t\t<h2 class=\"elementor-heading-title elementor-size-default\"><a href=\"tel:+13464904520\">+1 (346) 490-4520<\/a><\/h2>\t\t\t\t<\/div>\n\t\t\t\t<\/div>\n\t\t\t\t<\/div>\n\t\t\t\t<div class=\"elementor-element elementor-element-34eb24a0 elementor-widget elementor-widget-heading\" data-id=\"34eb24a0\" data-element_type=\"widget\" data-e-type=\"widget\" data-widget_type=\"heading.default\">\n\t\t\t\t<div class=\"elementor-widget-container\">\n\t\t\t\t\t<h2 class=\"elementor-heading-title elementor-size-default\">Areas de pr\u00e1ctica<\/h2>\t\t\t\t<\/div>\n\t\t\t\t<\/div>\n\t\t\t\t<div class=\"elementor-element elementor-element-3366d2e5 elementor-icon-list--layout-traditional elementor-list-item-link-full_width elementor-widget elementor-widget-icon-list\" data-id=\"3366d2e5\" data-element_type=\"widget\" data-e-type=\"widget\" data-widget_type=\"icon-list.default\">\n\t\t\t\t<div class=\"elementor-widget-container\">\n\t\t\t\t\t\t\t<ul class=\"elementor-icon-list-items\">\n\t\t\t\t\t\t\t<li class=\"elementor-icon-list-item\">\n\t\t\t\t\t\t\t\t\t\t\t<span class=\"elementor-icon-list-icon\">\n\t\t\t\t\t\t\t<svg aria-hidden=\"true\" class=\"e-font-icon-svg e-fas-dot-circle\" viewbox=\"0 0 512 512\" xmlns=\"http:\/\/www.w3.org\/2000\/svg\"><path d=\"M256 8C119.033 8 8 119.033 8 256s111.033 248 248 248 248-111.033 248-248S392.967 8 256 8zm80 248c0 44.112-35.888 80-80 80s-80-35.888-80-80 35.888-80 80-80 80 35.888 80 80z\"><\/path><\/svg>\t\t\t\t\t\t<\/span>\n\t\t\t\t\t\t\t\t\t\t<span class=\"elementor-icon-list-text\">Ley de inmigraci\u00f3n<\/span>\n\t\t\t\t\t\t\t\t\t<\/li>\n\t\t\t\t\t\t\t\t<li class=\"elementor-icon-list-item\">\n\t\t\t\t\t\t\t\t\t\t\t<span class=\"elementor-icon-list-icon\">\n\t\t\t\t\t\t\t<svg aria-hidden=\"true\" class=\"e-font-icon-svg e-fas-dot-circle\" viewbox=\"0 0 512 512\" xmlns=\"http:\/\/www.w3.org\/2000\/svg\"><path d=\"M256 8C119.033 8 8 119.033 8 256s111.033 248 248 248 248-111.033 248-248S392.967 8 256 8zm80 248c0 44.112-35.888 80-80 80s-80-35.888-80-80 35.888-80 80-80 80 35.888 80 80z\"><\/path><\/svg>\t\t\t\t\t\t<\/span>\n\t\t\t\t\t\t\t\t\t\t<span class=\"elementor-icon-list-text\">lesiones personales<\/span>\n\t\t\t\t\t\t\t\t\t<\/li>\n\t\t\t\t\t\t\t\t<li class=\"elementor-icon-list-item\">\n\t\t\t\t\t\t\t\t\t\t\t<span class=\"elementor-icon-list-icon\">\n\t\t\t\t\t\t\t<svg aria-hidden=\"true\" class=\"e-font-icon-svg e-fas-dot-circle\" viewbox=\"0 0 512 512\" xmlns=\"http:\/\/www.w3.org\/2000\/svg\"><path d=\"M256 8C119.033 8 8 119.033 8 256s111.033 248 248 248 248-111.033 248-248S392.967 8 256 8zm80 248c0 44.112-35.888 80-80 80s-80-35.888-80-80 35.888-80 80-80 80 35.888 80 80z\"><\/path><\/svg>\t\t\t\t\t\t<\/span>\n\t\t\t\t\t\t\t\t\t\t<span class=\"elementor-icon-list-text\">Litigios Civiles <\/span>\n\t\t\t\t\t\t\t\t\t<\/li>\n\t\t\t\t\t\t<\/ul>\n\t\t\t\t\t\t<\/div>\n\t\t\t\t<\/div>\n\t\t\t\t<\/div>\n\t\t\t\t\t<\/div>\n\t\t\t\t<\/div>\n\t\t\t\t<section class=\"elementor-section elementor-top-section elementor-element elementor-element-3595b1bb elementor-section-boxed elementor-section-height-default elementor-section-height-default elementor-invisible\" data-id=\"3595b1bb\" data-element_type=\"section\" data-e-type=\"section\" data-settings=\"{&quot;background_background&quot;:&quot;classic&quot;,&quot;shape_divider_top&quot;:&quot;arrow&quot;,&quot;animation&quot;:&quot;fadeInUp&quot;}\">\n\t\t\t\t\t\t\t<div class=\"elementor-background-overlay\"><\/div>\n\t\t\t\t\t\t<div class=\"elementor-shape elementor-shape-top\" aria-hidden=\"true\" data-negative=\"false\">\n\t\t\t<svg xmlns=\"http:\/\/www.w3.org\/2000\/svg\" viewbox=\"0 0 700 10\" preserveaspectratio=\"none\">\n\t<path class=\"elementor-shape-fill\" d=\"M350,10L340,0h20L350,10z\"\/>\n<\/svg>\t\t<\/div>\n\t\t\t\t\t<div class=\"elementor-container elementor-column-gap-default\">\n\t\t\t\t\t<div class=\"elementor-column elementor-col-100 elementor-top-column elementor-element elementor-element-4974e009\" data-id=\"4974e009\" data-element_type=\"column\" data-e-type=\"column\">\n\t\t\t<div class=\"elementor-widget-wrap elementor-element-populated\">\n\t\t\t\t\t\t<div class=\"elementor-element elementor-element-5dcc03d8 elementor-widget elementor-widget-heading\" data-id=\"5dcc03d8\" data-element_type=\"widget\" data-e-type=\"widget\" data-widget_type=\"heading.default\">\n\t\t\t\t<div class=\"elementor-widget-container\">\n\t\t\t\t\t<h2 class=\"elementor-heading-title elementor-size-default\">No dejes que las incertidumbres legales te detengan<\/h2>\t\t\t\t<\/div>\n\t\t\t\t<\/div>\n\t\t\t\t<div class=\"elementor-element elementor-element-2770f58 elementor-widget elementor-widget-heading\" data-id=\"2770f58\" data-element_type=\"widget\" data-e-type=\"widget\" data-widget_type=\"heading.default\">\n\t\t\t\t<div class=\"elementor-widget-container\">\n\t\t\t\t\t<h2 class=\"elementor-heading-title elementor-size-default\">Agenda ahora tu evaluaci\u00f3n gratuita del caso <\/h2>\t\t\t\t<\/div>\n\t\t\t\t<\/div>\n\t\t\t\t<div class=\"elementor-element elementor-element-7edc31de elementor-widget__width-initial elementor-widget elementor-widget-heading\" data-id=\"7edc31de\" data-element_type=\"widget\" data-e-type=\"widget\" data-widget_type=\"heading.default\">\n\t\t\t\t<div class=\"elementor-widget-container\">\n\t\t\t\t\t<h3 class=\"elementor-heading-title elementor-size-default\">Da el primer paso hacia la justicia. Programa una consulta con Jes\u00fas Suday para analizar tu caso y beneficiarte de nuestro apoyo legal comprometido. Cont\u00e1ctanos hoy mismo para agendar tu consulta.<\/h3>\t\t\t\t<\/div>\n\t\t\t\t<\/div>\n\t\t\t\t<div class=\"elementor-element elementor-element-665a4fed elementor-align-center elementor-widget__width-auto elementor-mobile-align-justify elementor-widget-mobile__width-initial elementor-widget elementor-widget-button\" data-id=\"665a4fed\" data-element_type=\"widget\" data-e-type=\"widget\" data-widget_type=\"button.default\">\n\t\t\t\t<div class=\"elementor-widget-container\">\n\t\t\t\t\t\t\t\t\t<div class=\"elementor-button-wrapper\">\n\t\t\t\t\t<a class=\"elementor-button elementor-button-link elementor-size-sm elementor-animation-wobble-skew\" href=\"https:\/\/calendly.com\/abogadosuday\/evaluacionsincosto\">\n\t\t\t\t\t\t<span class=\"elementor-button-content-wrapper\">\n\t\t\t\t\t\t\t\t\t<span class=\"elementor-button-text\">Evaluaci\u00f3n gratuita del caso<\/span>\n\t\t\t\t\t<\/span>\n\t\t\t\t\t<\/a>\n\t\t\t\t<\/div>\n\t\t\t\t\t\t\t\t<\/div>\n\t\t\t\t<\/div>\n\t\t\t\t<div class=\"elementor-element elementor-element-4189ba75 elementor-align-center elementor-widget__width-auto elementor-widget elementor-widget-button\" data-id=\"4189ba75\" data-element_type=\"widget\" data-e-type=\"widget\" data-widget_type=\"button.default\">\n\t\t\t\t<div class=\"elementor-widget-container\">\n\t\t\t\t\t\t\t\t\t<div class=\"elementor-button-wrapper\">\n\t\t\t\t\t<a class=\"elementor-button elementor-button-link elementor-size-sm elementor-animation-wobble-skew\" href=\"https:\/\/calendly.com\/abogadosuday\/consulta-exclusivamente-con-abogado-jesus-suday\" target=\"_blank\">\n\t\t\t\t\t\t<span class=\"elementor-button-content-wrapper\">\n\t\t\t\t\t\t\t\t\t<span class=\"elementor-button-text\">Consulta virtual con el abogado Jes\u00fas Suday<\/span>\n\t\t\t\t\t<\/span>\n\t\t\t\t\t<\/a>\n\t\t\t\t<\/div>\n\t\t\t\t\t\t\t\t<\/div>\n\t\t\t\t<\/div>\n\t\t\t\t<div class=\"elementor-element elementor-element-6757aa99 elementor-align-center elementor-widget__width-auto elementor-widget elementor-widget-button\" data-id=\"6757aa99\" data-element_type=\"widget\" data-e-type=\"widget\" data-widget_type=\"button.default\">\n\t\t\t\t<div class=\"elementor-widget-container\">\n\t\t\t\t\t\t\t\t\t<div class=\"elementor-button-wrapper\">\n\t\t\t\t\t<a class=\"elementor-button elementor-button-link elementor-size-sm elementor-animation-wobble-skew\" href=\"https:\/\/calendly.com\/abogadosuday\/consulta-en-persona-con-abogado-jesus-suday\">\n\t\t\t\t\t\t<span class=\"elementor-button-content-wrapper\">\n\t\t\t\t\t\t\t\t\t<span class=\"elementor-button-text\">Consulta presencial con el abogado Jes\u00fas Suday <\/span>\n\t\t\t\t\t<\/span>\n\t\t\t\t\t<\/a>\n\t\t\t\t<\/div>\n\t\t\t\t\t\t\t\t<\/div>\n\t\t\t\t<\/div>\n\t\t\t\t\t<\/div>\n\t\t<\/div>\n\t\t\t\t\t<\/div>\n\t\t<\/section>\n\t\t\t\t<\/div>","protected":false},"excerpt":{"rendered":"<p>Andrea Love Sumpter Of Counsel, Suday Law PLLC Attorney Andrea Love Sumpter is widely recognized as one of the most skilled and respected immigration court attorneys in the nation. With over 15 years of experience and a reputation for legal excellence, Andrea has earned the admiration of her peers and the trust of clients facing [&hellip;]<\/p>","protected":false},"author":1,"featured_media":0,"parent":0,"menu_order":0,"comment_status":"closed","ping_status":"closed","template":"","meta":{"footnotes":""},"class_list":["post-1076","page","type-page","status-publish","hentry"],"yoast_head":"<!-- This site is optimized with the Yoast SEO plugin v25.9 - https:\/\/yoast.com\/wordpress\/plugins\/seo\/ -->\n<title>Andrea Love Sumpter | Immigration Court Attorney | Suday Law<\/title>\n<meta name=\"description\" content=\"Meet Andrea Love Sumpter, a nationally respected immigration court attorney with 15 plus years of experience handling asylum, removal defense, bond hearings, and appeals at Suday Law.\" \/>\n<meta name=\"robots\" content=\"index, follow, max-snippet:-1, max-image-preview:large, max-video-preview:-1\" \/>\n<link rel=\"canonical\" href=\"https:\/\/sudaylaw.com\/es\/andrea-love-sumpter\/\" \/>\n<meta property=\"og:locale\" content=\"es_ES\" \/>\n<meta property=\"og:type\" content=\"article\" \/>\n<meta property=\"og:title\" content=\"Andrea Love Sumpter | Immigration Court Attorney | Suday Law\" \/>\n<meta property=\"og:description\" content=\"Meet Andrea Love Sumpter, a nationally respected immigration court attorney with 15 plus years of experience handling asylum, removal defense, bond hearings, and appeals at Suday Law.\" \/>\n<meta property=\"og:url\" content=\"https:\/\/sudaylaw.com\/es\/andrea-love-sumpter\/\" \/>\n<meta property=\"og:site_name\" content=\"Suday Law, PLLC\" \/>\n<meta property=\"article:publisher\" content=\"https:\/\/www.facebook.com\/profile.php?id=100090077992253\" \/>\n<meta property=\"article:modified_time\" content=\"2026-03-04T17:28:10+00:00\" \/>\n<meta property=\"og:image\" content=\"https:\/\/sudaylaw.com\/wp-content\/uploads\/2025\/07\/Andrea-Love-Sumpter-819x1024.jpg\" \/>\n<meta name=\"twitter:card\" content=\"summary_large_image\" \/>\n<meta name=\"twitter:label1\" content=\"Tiempo de lectura\" \/>\n\t<meta name=\"twitter:data1\" content=\"3 minutos\" \/>\n<script type=\"application\/ld+json\" class=\"yoast-schema-graph\">{\"@context\":\"https:\/\/schema.org\",\"@graph\":[{\"@type\":[\"WebPage\",\"ProfilePage\"],\"@id\":\"https:\/\/sudaylaw.com\/andrea-love-sumpter\/\",\"url\":\"https:\/\/sudaylaw.com\/andrea-love-sumpter\/\",\"name\":\"Andrea Love Sumpter | Immigration Court Attorney | Suday Law\",\"isPartOf\":{\"@id\":\"https:\/\/sudaylaw.com\/#website\"},\"primaryImageOfPage\":{\"@id\":\"https:\/\/sudaylaw.com\/andrea-love-sumpter\/#primaryimage\"},\"image\":{\"@id\":\"https:\/\/sudaylaw.com\/andrea-love-sumpter\/#primaryimage\"},\"thumbnailUrl\":\"https:\/\/sudaylaw.com\/wp-content\/uploads\/2025\/07\/Andrea-Love-Sumpter-819x1024.jpg\",\"datePublished\":\"2025-07-06T13:54:12+00:00\",\"dateModified\":\"2026-03-04T17:28:10+00:00\",\"description\":\"Meet Andrea Love Sumpter, a nationally respected immigration court attorney with 15 plus years of experience handling asylum, removal defense, bond hearings, and appeals at Suday Law.\",\"breadcrumb\":{\"@id\":\"https:\/\/sudaylaw.com\/andrea-love-sumpter\/#breadcrumb\"},\"inLanguage\":\"es\",\"potentialAction\":[{\"@type\":\"ReadAction\",\"target\":[\"https:\/\/sudaylaw.com\/andrea-love-sumpter\/\"]}]},{\"@type\":\"ImageObject\",\"inLanguage\":\"es\",\"@id\":\"https:\/\/sudaylaw.com\/andrea-love-sumpter\/#primaryimage\",\"url\":\"https:\/\/sudaylaw.com\/wp-content\/uploads\/2025\/07\/Andrea-Love-Sumpter-819x1024.jpg\",\"contentUrl\":\"https:\/\/sudaylaw.com\/wp-content\/uploads\/2025\/07\/Andrea-Love-Sumpter-819x1024.jpg\"},{\"@type\":\"BreadcrumbList\",\"@id\":\"https:\/\/sudaylaw.com\/andrea-love-sumpter\/#breadcrumb\",\"itemListElement\":[{\"@type\":\"ListItem\",\"position\":1,\"name\":\"Home\",\"item\":\"https:\/\/sudaylaw.com\/\"},{\"@type\":\"ListItem\",\"position\":2,\"name\":\"Andrea Love Sumpter\"}]},{\"@type\":\"WebSite\",\"@id\":\"https:\/\/sudaylaw.com\/#website\",\"url\":\"https:\/\/sudaylaw.com\/\",\"name\":\"Suday Law, PLLC\",\"description\":\"\",\"publisher\":{\"@id\":\"https:\/\/sudaylaw.com\/#organization\"},\"potentialAction\":[{\"@type\":\"SearchAction\",\"target\":{\"@type\":\"EntryPoint\",\"urlTemplate\":\"https:\/\/sudaylaw.com\/?s={search_term_string}\"},\"query-input\":{\"@type\":\"PropertyValueSpecification\",\"valueRequired\":true,\"valueName\":\"search_term_string\"}}],\"inLanguage\":\"es\"},{\"@type\":\"Organization\",\"@id\":\"https:\/\/sudaylaw.com\/#organization\",\"name\":\"Suday Law, PLLC\",\"url\":\"https:\/\/sudaylaw.com\/\",\"logo\":{\"@type\":\"ImageObject\",\"inLanguage\":\"es\",\"@id\":\"https:\/\/sudaylaw.com\/#\/schema\/logo\/image\/\",\"url\":\"https:\/\/sudaylaw.com\/wp-content\/uploads\/2025\/07\/Our-Experience-11-e1752168092730.webp\",\"contentUrl\":\"https:\/\/sudaylaw.com\/wp-content\/uploads\/2025\/07\/Our-Experience-11-e1752168092730.webp\",\"width\":1600,\"height\":1270,\"caption\":\"Suday Law, PLLC\"},\"image\":{\"@id\":\"https:\/\/sudaylaw.com\/#\/schema\/logo\/image\/\"},\"sameAs\":[\"https:\/\/www.facebook.com\/profile.php?id=100090077992253\",\"https:\/\/www.instagram.com\/abogado_suday\"],\"mainEntityOfPage\":{\"@id\":\"https:\/\/sudaylaw.com\/andrea-love-sumpter\/\"}}]}<\/script>\n<!-- \/ Yoast SEO plugin. -->","yoast_head_json":{"title":"Andrea Love Sumpter | Immigration Court Attorney | Suday Law","description":"Meet Andrea Love Sumpter, a nationally respected immigration court attorney with 15 plus years of experience handling asylum, removal defense, bond hearings, and appeals at Suday Law.","robots":{"index":"index","follow":"follow","max-snippet":"max-snippet:-1","max-image-preview":"max-image-preview:large","max-video-preview":"max-video-preview:-1"},"canonical":"https:\/\/sudaylaw.com\/es\/andrea-love-sumpter\/","og_locale":"es_ES","og_type":"article","og_title":"Andrea Love Sumpter | Immigration Court Attorney | Suday Law","og_description":"Meet Andrea Love Sumpter, a nationally respected immigration court attorney with 15 plus years of experience handling asylum, removal defense, bond hearings, and appeals at Suday Law.","og_url":"https:\/\/sudaylaw.com\/es\/andrea-love-sumpter\/","og_site_name":"Suday Law, PLLC","article_publisher":"https:\/\/www.facebook.com\/profile.php?id=100090077992253","article_modified_time":"2026-03-04T17:28:10+00:00","og_image":[{"url":"https:\/\/sudaylaw.com\/wp-content\/uploads\/2025\/07\/Andrea-Love-Sumpter-819x1024.jpg","type":"","width":"","height":""}],"twitter_card":"summary_large_image","twitter_misc":{"Tiempo de lectura":"3 minutos"},"schema":{"@context":"https:\/\/schema.org","@graph":[{"@type":["WebPage","ProfilePage"],"@id":"https:\/\/sudaylaw.com\/andrea-love-sumpter\/","url":"https:\/\/sudaylaw.com\/andrea-love-sumpter\/","name":"Andrea Love Sumpter | Immigration Court Attorney | Suday Law","isPartOf":{"@id":"https:\/\/sudaylaw.com\/#website"},"primaryImageOfPage":{"@id":"https:\/\/sudaylaw.com\/andrea-love-sumpter\/#primaryimage"},"image":{"@id":"https:\/\/sudaylaw.com\/andrea-love-sumpter\/#primaryimage"},"thumbnailUrl":"https:\/\/sudaylaw.com\/wp-content\/uploads\/2025\/07\/Andrea-Love-Sumpter-819x1024.jpg","datePublished":"2025-07-06T13:54:12+00:00","dateModified":"2026-03-04T17:28:10+00:00","description":"Meet Andrea Love Sumpter, a nationally respected immigration court attorney with 15 plus years of experience handling asylum, removal defense, bond hearings, and appeals at Suday Law.","breadcrumb":{"@id":"https:\/\/sudaylaw.com\/andrea-love-sumpter\/#breadcrumb"},"inLanguage":"es","potentialAction":[{"@type":"ReadAction","target":["https:\/\/sudaylaw.com\/andrea-love-sumpter\/"]}]},{"@type":"ImageObject","inLanguage":"es","@id":"https:\/\/sudaylaw.com\/andrea-love-sumpter\/#primaryimage","url":"https:\/\/sudaylaw.com\/wp-content\/uploads\/2025\/07\/Andrea-Love-Sumpter-819x1024.jpg","contentUrl":"https:\/\/sudaylaw.com\/wp-content\/uploads\/2025\/07\/Andrea-Love-Sumpter-819x1024.jpg"},{"@type":"BreadcrumbList","@id":"https:\/\/sudaylaw.com\/andrea-love-sumpter\/#breadcrumb","itemListElement":[{"@type":"ListItem","position":1,"name":"Home","item":"https:\/\/sudaylaw.com\/"},{"@type":"ListItem","position":2,"name":"Andrea Love Sumpter"}]},{"@type":"WebSite","@id":"https:\/\/sudaylaw.com\/#website","url":"https:\/\/sudaylaw.com\/","name":"Suday Law, PLLC","description":"","publisher":{"@id":"https:\/\/sudaylaw.com\/#organization"},"potentialAction":[{"@type":"SearchAction","target":{"@type":"EntryPoint","urlTemplate":"https:\/\/sudaylaw.com\/?s={search_term_string}"},"query-input":{"@type":"PropertyValueSpecification","valueRequired":true,"valueName":"search_term_string"}}],"inLanguage":"es"},{"@type":"Organization","@id":"https:\/\/sudaylaw.com\/#organization","name":"Suday Law, PLLC","url":"https:\/\/sudaylaw.com\/","logo":{"@type":"ImageObject","inLanguage":"es","@id":"https:\/\/sudaylaw.com\/#\/schema\/logo\/image\/","url":"https:\/\/sudaylaw.com\/wp-content\/uploads\/2025\/07\/Our-Experience-11-e1752168092730.webp","contentUrl":"https:\/\/sudaylaw.com\/wp-content\/uploads\/2025\/07\/Our-Experience-11-e1752168092730.webp","width":1600,"height":1270,"caption":"Suday Law, PLLC"},"image":{"@id":"https:\/\/sudaylaw.com\/#\/schema\/logo\/image\/"},"sameAs":["https:\/\/www.facebook.com\/profile.php?id=100090077992253","https:\/\/www.instagram.com\/abogado_suday"],"mainEntityOfPage":{"@id":"https:\/\/sudaylaw.com\/andrea-love-sumpter\/"}}]}},"_links":{"self":[{"href":"https:\/\/sudaylaw.com\/es\/wp-json\/wp\/v2\/pages\/1076","targetHints":{"allow":["GET"]}}],"collection":[{"href":"https:\/\/sudaylaw.com\/es\/wp-json\/wp\/v2\/pages"}],"about":[{"href":"https:\/\/sudaylaw.com\/es\/wp-json\/wp\/v2\/types\/page"}],"author":[{"embeddable":true,"href":"https:\/\/sudaylaw.com\/es\/wp-json\/wp\/v2\/users\/1"}],"replies":[{"embeddable":true,"href":"https:\/\/sudaylaw.com\/es\/wp-json\/wp\/v2\/comments?post=1076"}],"version-history":[{"count":3,"href":"https:\/\/sudaylaw.com\/es\/wp-json\/wp\/v2\/pages\/1076\/revisions"}],"predecessor-version":[{"id":1622,"href":"https:\/\/sudaylaw.com\/es\/wp-json\/wp\/v2\/pages\/1076\/revisions\/1622"}],"wp:attachment":[{"href":"https:\/\/sudaylaw.com\/es\/wp-json\/wp\/v2\/media?parent=1076"}],"curies":[{"name":"wp","href":"https:\/\/api.w.org\/{rel}","templated":true}]}}