{"id":1072,"date":"2025-07-06T13:54:11","date_gmt":"2025-07-06T13:54:11","guid":{"rendered":"https:\/\/sudaylaw.com\/jesus-suday\/"},"modified":"2026-05-12T15:51:05","modified_gmt":"2026-05-12T15:51:05","slug":"jesus-suday","status":"publish","type":"page","link":"https:\/\/sudaylaw.com\/es\/jesus-suday\/","title":{"rendered":"Jesus Suday"},"content":{"rendered":"<div data-elementor-type=\"wp-page\" data-elementor-id=\"1072\" class=\"elementor elementor-1072\" data-elementor-post-type=\"page\">\n\t\t\t\t<div class=\"elementor-element elementor-element-7bd4b85e e-flex e-con-boxed e-con e-parent\" data-id=\"7bd4b85e\" data-element_type=\"container\" data-e-type=\"container\">\n\t\t\t\t\t<div class=\"e-con-inner\">\n\t\t<div class=\"elementor-element elementor-element-cb0f004 e-con-full e-flex e-con e-child\" data-id=\"cb0f004\" data-element_type=\"container\" data-e-type=\"container\">\n\t\t<div class=\"elementor-element elementor-element-4a9b499a e-con-full e-flex e-con e-child\" data-id=\"4a9b499a\" data-element_type=\"container\" data-e-type=\"container\">\n\t\t\t\t<div class=\"elementor-element elementor-element-107a84e5 elementor-widget elementor-widget-heading\" data-id=\"107a84e5\" data-element_type=\"widget\" data-e-type=\"widget\" data-widget_type=\"heading.default\">\n\t\t\t\t<div class=\"elementor-widget-container\">\n\t\t\t\t\t<h1 class=\"elementor-heading-title elementor-size-default\">Jesus Suday <\/h1>\t\t\t\t<\/div>\n\t\t\t\t<\/div>\n\t\t\t\t<div class=\"elementor-element elementor-element-6de9833 elementor-icon-list--layout-traditional elementor-list-item-link-full_width elementor-widget elementor-widget-icon-list\" data-id=\"6de9833\" data-element_type=\"widget\" data-e-type=\"widget\" data-widget_type=\"icon-list.default\">\n\t\t\t\t<div class=\"elementor-widget-container\">\n\t\t\t\t\t\t\t<ul class=\"elementor-icon-list-items\">\n\t\t\t\t\t\t\t<li class=\"elementor-icon-list-item\">\n\t\t\t\t\t\t\t\t\t\t<span class=\"elementor-icon-list-text\">Abogado Principal <\/span>\n\t\t\t\t\t\t\t\t\t<\/li>\n\t\t\t\t\t\t<\/ul>\n\t\t\t\t\t\t<\/div>\n\t\t\t\t<\/div>\n\t\t\t\t<div class=\"elementor-element elementor-element-5ab6b595 elementor-widget elementor-widget-text-editor\" data-id=\"5ab6b595\" data-element_type=\"widget\" data-e-type=\"widget\" data-widget_type=\"text-editor.default\">\n\t\t\t\t<div class=\"elementor-widget-container\">\n\t\t\t\t\t\t\t\t\t<p>Jes\u00fas Suday es un abogado litigante apasionado, con una s\u00f3lida trayectoria en derecho migratorio, civil y penal. Como fundador de Suday Law, PLLC, Jes\u00fas ha construido una excelente reputaci\u00f3n por ofrecer una representaci\u00f3n legal dedicada y centrada en el cliente \u2014 una reputaci\u00f3n que llev\u00f3 a su firma a ser reconocida como Finalista del Top 3 en la categor\u00eda de Derecho de Inmigraci\u00f3n por el \u201cBest of the Best\u201d del Houston Chronicle. Su compromiso con los clientes tambi\u00e9n se refleja en las sobresalientes rese\u00f1as de Google del despacho, un testimonio de los resultados que cambian vidas y la confianza que inspira.<\/p>\t\t\t\t\t\t\t\t<\/div>\n\t\t\t\t<\/div>\n\t\t\t\t<\/div>\n\t\t<div class=\"elementor-element elementor-element-1596f362 e-con-full e-flex e-con e-child\" data-id=\"1596f362\" data-element_type=\"container\" data-e-type=\"container\">\n\t\t\t\t<div class=\"elementor-element elementor-element-6a1d61cd elementor-widget elementor-widget-image\" data-id=\"6a1d61cd\" data-element_type=\"widget\" data-e-type=\"widget\" data-widget_type=\"image.default\">\n\t\t\t\t<div class=\"elementor-widget-container\">\n\t\t\t\t\t\t\t\t\t\t\t\t\t\t\t<img fetchpriority=\"high\" decoding=\"async\" width=\"800\" height=\"1000\" src=\"https:\/\/sudaylaw.com\/wp-content\/uploads\/2025\/07\/Jesus-Suday-819x1024.jpg\" class=\"attachment-large size-large wp-image-1073\" alt=\"Jesus Suday Lawyer\" srcset=\"https:\/\/sudaylaw.com\/wp-content\/uploads\/2025\/07\/Jesus-Suday-819x1024.jpg 819w, https:\/\/sudaylaw.com\/wp-content\/uploads\/2025\/07\/Jesus-Suday-240x300.jpg 240w, https:\/\/sudaylaw.com\/wp-content\/uploads\/2025\/07\/Jesus-Suday-768x960.jpg 768w, https:\/\/sudaylaw.com\/wp-content\/uploads\/2025\/07\/Jesus-Suday-10x12.jpg 10w, https:\/\/sudaylaw.com\/wp-content\/uploads\/2025\/07\/Jesus-Suday.jpg 1200w\" sizes=\"(max-width: 800px) 100vw, 800px\" \/>\t\t\t\t\t\t\t\t\t\t\t\t\t\t\t<\/div>\n\t\t\t\t<\/div>\n\t\t\t\t<\/div>\n\t\t\t\t<div class=\"elementor-element elementor-element-4e66d0f2 elementor-widget elementor-widget-text-editor\" data-id=\"4e66d0f2\" data-element_type=\"widget\" data-e-type=\"widget\" data-widget_type=\"text-editor.default\">\n\t\t\t\t<div class=\"elementor-widget-container\">\n\t\t\t\t\t\t\t\t\t<p>Impulsado por un aut\u00e9ntico amor por lo que hace, Jes\u00fas aborda cada caso con la mentalidad de darles a sus clientes la mejor oportunidad posible de \u00e9xito. Desde trabajar tiempo completo en uno de los despachos m\u00e1s reconocidos de Houston mientras, al mismo tiempo, ejerc\u00eda como abogado estudiantil de inmigraci\u00f3n sin remuneraci\u00f3n, hasta finalmente fundar su propia firma, Jes\u00fas literalmente lo ha hecho todo. No hay un rol dentro de un despacho que no haya desempe\u00f1ado \u2014 experiencia que le brinda una perspectiva \u00fanica y completa sobre lo que se necesita para construir y ganar un caso de principio a fin.<\/p><p>En Suday Law, Jes\u00fas se enorgullece de poner toda esa experiencia al servicio de sus clientes, ofreciendo un servicio de primer nivel con un compromiso incansable con la justicia y la excelencia.<\/p>\t\t\t\t\t\t\t\t<\/div>\n\t\t\t\t<\/div>\n\t\t\t\t<\/div>\n\t\t<div class=\"elementor-element elementor-element-38a5d1fa e-con-full elementor-hidden-tablet elementor-hidden-mobile e-flex e-con e-child\" data-id=\"38a5d1fa\" data-element_type=\"container\" data-e-type=\"container\">\n\t\t<div class=\"elementor-element elementor-element-41127ba5 e-con-full e-flex e-con e-child\" data-id=\"41127ba5\" data-element_type=\"container\" data-e-type=\"container\" data-settings=\"{&quot;background_background&quot;:&quot;classic&quot;}\">\n\t\t\t\t<div class=\"elementor-element elementor-element-28eb60dd elementor-widget elementor-widget-image\" data-id=\"28eb60dd\" data-element_type=\"widget\" data-e-type=\"widget\" data-widget_type=\"image.default\">\n\t\t\t\t<div class=\"elementor-widget-container\">\n\t\t\t\t\t\t\t\t\t\t\t\t\t\t\t<img decoding=\"async\" width=\"421\" height=\"263\" src=\"https:\/\/sudaylaw.com\/wp-content\/uploads\/2025\/07\/Suday-Law-PLLC-Black-Logo1.jpg\" class=\"attachment-large size-large wp-image-1030\" alt=\"Suday Law Logo\" srcset=\"https:\/\/sudaylaw.com\/wp-content\/uploads\/2025\/07\/Suday-Law-PLLC-Black-Logo1.jpg 421w, https:\/\/sudaylaw.com\/wp-content\/uploads\/2025\/07\/Suday-Law-PLLC-Black-Logo1-300x187.jpg 300w, https:\/\/sudaylaw.com\/wp-content\/uploads\/2025\/07\/Suday-Law-PLLC-Black-Logo1-18x12.jpg 18w\" sizes=\"(max-width: 421px) 100vw, 421px\" \/>\t\t\t\t\t\t\t\t\t\t\t\t\t\t\t<\/div>\n\t\t\t\t<\/div>\n\t\t\t\t<div class=\"elementor-element elementor-element-617941c6 elementor-widget elementor-widget-heading\" data-id=\"617941c6\" data-element_type=\"widget\" data-e-type=\"widget\" data-widget_type=\"heading.default\">\n\t\t\t\t<div class=\"elementor-widget-container\">\n\t\t\t\t\t<h2 class=\"elementor-heading-title elementor-size-default\">Agenda una evaluaci\u00f3n de tu caso<\/h2>\t\t\t\t<\/div>\n\t\t\t\t<\/div>\n\t\t\t\t<div class=\"elementor-element elementor-element-b611a73 elementor-widget elementor-widget-heading\" data-id=\"b611a73\" data-element_type=\"widget\" data-e-type=\"widget\" data-widget_type=\"heading.default\">\n\t\t\t\t<div class=\"elementor-widget-container\">\n\t\t\t\t\t<h2 class=\"elementor-heading-title elementor-size-default\">ll\u00e1manos<\/h2>\t\t\t\t<\/div>\n\t\t\t\t<\/div>\n\t\t\t\t<div class=\"elementor-element elementor-element-563fcbb9 elementor-widget elementor-widget-heading\" data-id=\"563fcbb9\" data-element_type=\"widget\" data-e-type=\"widget\" data-widget_type=\"heading.default\">\n\t\t\t\t<div class=\"elementor-widget-container\">\n\t\t\t\t\t<h2 class=\"elementor-heading-title elementor-size-default\"><a href=\"tel:+13464904520\">+1 (346) 490-4520<\/a><\/h2>\t\t\t\t<\/div>\n\t\t\t\t<\/div>\n\t\t\t\t<\/div>\n\t\t\t\t<div class=\"elementor-element elementor-element-1daf2002 elementor-widget elementor-widget-heading\" data-id=\"1daf2002\" data-element_type=\"widget\" data-e-type=\"widget\" data-widget_type=\"heading.default\">\n\t\t\t\t<div class=\"elementor-widget-container\">\n\t\t\t\t\t<h2 class=\"elementor-heading-title elementor-size-default\">Areas de pr\u00e1ctica<\/h2>\t\t\t\t<\/div>\n\t\t\t\t<\/div>\n\t\t\t\t<div class=\"elementor-element elementor-element-5642839c elementor-icon-list--layout-traditional elementor-list-item-link-full_width elementor-widget elementor-widget-icon-list\" data-id=\"5642839c\" data-element_type=\"widget\" data-e-type=\"widget\" data-widget_type=\"icon-list.default\">\n\t\t\t\t<div class=\"elementor-widget-container\">\n\t\t\t\t\t\t\t<ul class=\"elementor-icon-list-items\">\n\t\t\t\t\t\t\t<li class=\"elementor-icon-list-item\">\n\t\t\t\t\t\t\t\t\t\t\t<span class=\"elementor-icon-list-icon\">\n\t\t\t\t\t\t\t<svg aria-hidden=\"true\" class=\"e-font-icon-svg e-fas-dot-circle\" viewbox=\"0 0 512 512\" xmlns=\"http:\/\/www.w3.org\/2000\/svg\"><path d=\"M256 8C119.033 8 8 119.033 8 256s111.033 248 248 248 248-111.033 248-248S392.967 8 256 8zm80 248c0 44.112-35.888 80-80 80s-80-35.888-80-80 35.888-80 80-80 80 35.888 80 80z\"><\/path><\/svg>\t\t\t\t\t\t<\/span>\n\t\t\t\t\t\t\t\t\t\t<span class=\"elementor-icon-list-text\">Ley de inmigraci\u00f3n<\/span>\n\t\t\t\t\t\t\t\t\t<\/li>\n\t\t\t\t\t\t\t\t<li class=\"elementor-icon-list-item\">\n\t\t\t\t\t\t\t\t\t\t\t<span class=\"elementor-icon-list-icon\">\n\t\t\t\t\t\t\t<svg aria-hidden=\"true\" class=\"e-font-icon-svg e-fas-dot-circle\" viewbox=\"0 0 512 512\" xmlns=\"http:\/\/www.w3.org\/2000\/svg\"><path d=\"M256 8C119.033 8 8 119.033 8 256s111.033 248 248 248 248-111.033 248-248S392.967 8 256 8zm80 248c0 44.112-35.888 80-80 80s-80-35.888-80-80 35.888-80 80-80 80 35.888 80 80z\"><\/path><\/svg>\t\t\t\t\t\t<\/span>\n\t\t\t\t\t\t\t\t\t\t<span class=\"elementor-icon-list-text\">lesiones personales<\/span>\n\t\t\t\t\t\t\t\t\t<\/li>\n\t\t\t\t\t\t\t\t<li class=\"elementor-icon-list-item\">\n\t\t\t\t\t\t\t\t\t\t\t<span class=\"elementor-icon-list-icon\">\n\t\t\t\t\t\t\t<svg aria-hidden=\"true\" class=\"e-font-icon-svg e-fas-dot-circle\" viewbox=\"0 0 512 512\" xmlns=\"http:\/\/www.w3.org\/2000\/svg\"><path d=\"M256 8C119.033 8 8 119.033 8 256s111.033 248 248 248 248-111.033 248-248S392.967 8 256 8zm80 248c0 44.112-35.888 80-80 80s-80-35.888-80-80 35.888-80 80-80 80 35.888 80 80z\"><\/path><\/svg>\t\t\t\t\t\t<\/span>\n\t\t\t\t\t\t\t\t\t\t<span class=\"elementor-icon-list-text\">Litigios Civiles <\/span>\n\t\t\t\t\t\t\t\t\t<\/li>\n\t\t\t\t\t\t<\/ul>\n\t\t\t\t\t\t<\/div>\n\t\t\t\t<\/div>\n\t\t\t\t<\/div>\n\t\t\t\t\t<\/div>\n\t\t\t\t<\/div>\n\t\t\t\t<section class=\"elementor-section elementor-top-section elementor-element elementor-element-655c3474 elementor-section-boxed elementor-section-height-default elementor-section-height-default elementor-invisible\" data-id=\"655c3474\" data-element_type=\"section\" data-e-type=\"section\" data-settings=\"{&quot;background_background&quot;:&quot;classic&quot;,&quot;shape_divider_top&quot;:&quot;arrow&quot;,&quot;animation&quot;:&quot;fadeInUp&quot;}\">\n\t\t\t\t\t\t\t<div class=\"elementor-background-overlay\"><\/div>\n\t\t\t\t\t\t<div class=\"elementor-shape elementor-shape-top\" aria-hidden=\"true\" data-negative=\"false\">\n\t\t\t<svg xmlns=\"http:\/\/www.w3.org\/2000\/svg\" viewbox=\"0 0 700 10\" preserveaspectratio=\"none\">\n\t<path class=\"elementor-shape-fill\" d=\"M350,10L340,0h20L350,10z\"\/>\n<\/svg>\t\t<\/div>\n\t\t\t\t\t<div class=\"elementor-container elementor-column-gap-default\">\n\t\t\t\t\t<div class=\"elementor-column elementor-col-100 elementor-top-column elementor-element elementor-element-3eda7496\" data-id=\"3eda7496\" data-element_type=\"column\" data-e-type=\"column\">\n\t\t\t<div class=\"elementor-widget-wrap elementor-element-populated\">\n\t\t\t\t\t\t<div class=\"elementor-element elementor-element-72399c70 elementor-widget elementor-widget-heading\" data-id=\"72399c70\" data-element_type=\"widget\" data-e-type=\"widget\" data-widget_type=\"heading.default\">\n\t\t\t\t<div class=\"elementor-widget-container\">\n\t\t\t\t\t<h2 class=\"elementor-heading-title elementor-size-default\">No dejes que las incertidumbres legales te detengan<\/h2>\t\t\t\t<\/div>\n\t\t\t\t<\/div>\n\t\t\t\t<div class=\"elementor-element elementor-element-59318dd elementor-widget elementor-widget-heading\" data-id=\"59318dd\" data-element_type=\"widget\" data-e-type=\"widget\" data-widget_type=\"heading.default\">\n\t\t\t\t<div class=\"elementor-widget-container\">\n\t\t\t\t\t<h2 class=\"elementor-heading-title elementor-size-default\">Agenda ahora tu evaluaci\u00f3n gratuita del caso <\/h2>\t\t\t\t<\/div>\n\t\t\t\t<\/div>\n\t\t\t\t<div class=\"elementor-element elementor-element-6ca03ff8 elementor-widget__width-initial elementor-widget elementor-widget-heading\" data-id=\"6ca03ff8\" data-element_type=\"widget\" data-e-type=\"widget\" data-widget_type=\"heading.default\">\n\t\t\t\t<div class=\"elementor-widget-container\">\n\t\t\t\t\t<h3 class=\"elementor-heading-title elementor-size-default\">Da el primer paso hacia la justicia. Programa una consulta con Jes\u00fas Suday para analizar tu caso y beneficiarte de nuestro apoyo legal comprometido. Cont\u00e1ctanos hoy mismo para agendar tu consulta.<\/h3>\t\t\t\t<\/div>\n\t\t\t\t<\/div>\n\t\t\t\t<div class=\"elementor-element elementor-element-4b13d33f elementor-align-center elementor-widget__width-auto elementor-mobile-align-justify elementor-widget-mobile__width-initial elementor-widget elementor-widget-button\" data-id=\"4b13d33f\" data-element_type=\"widget\" data-e-type=\"widget\" data-widget_type=\"button.default\">\n\t\t\t\t<div class=\"elementor-widget-container\">\n\t\t\t\t\t\t\t\t\t<div class=\"elementor-button-wrapper\">\n\t\t\t\t\t<a class=\"elementor-button elementor-button-link elementor-size-sm elementor-animation-wobble-skew\" href=\"https:\/\/airtable.com\/app5cRQAx2LfVWZXh\/pagiuIsrfGMpEkMcV\/form\">\n\t\t\t\t\t\t<span class=\"elementor-button-content-wrapper\">\n\t\t\t\t\t\t\t\t\t<span class=\"elementor-button-text\">Evaluaci\u00f3n gratuita del caso<\/span>\n\t\t\t\t\t<\/span>\n\t\t\t\t\t<\/a>\n\t\t\t\t<\/div>\n\t\t\t\t\t\t\t\t<\/div>\n\t\t\t\t<\/div>\n\t\t\t\t\t<\/div>\n\t\t<\/div>\n\t\t\t\t\t<\/div>\n\t\t<\/section>\n\t\t\t\t<\/div>","protected":false},"excerpt":{"rendered":"<p>Jesus Suday Lead Attorney Jesus Suday is a passionate trial attorney with a strong background in immigration, civil, and criminal law. As the founder of Suday Law, PLLC, Jesus has built a stellar reputation for delivering dedicated, client-focused legal representation \u2014 a reputation that earned his firm recognition as a Top 3 Finalist in the [&hellip;]<\/p>","protected":false},"author":1,"featured_media":0,"parent":0,"menu_order":0,"comment_status":"closed","ping_status":"closed","template":"","meta":{"footnotes":""},"class_list":["post-1072","page","type-page","status-publish","hentry"],"yoast_head":"<!-- This site is optimized with the Yoast SEO plugin v25.9 - https:\/\/yoast.com\/wordpress\/plugins\/seo\/ -->\n<title>Jesus Suday | Lead Immigration Attorney | Suday Law PLLC<\/title>\n<meta name=\"description\" content=\"Meet Jesus Suday, lead attorney and founder of Suday Law PLLC. He provides dedicated immigration representation backed by trial experience, client focused service, and a strong record of results.\" \/>\n<meta name=\"robots\" content=\"index, follow, max-snippet:-1, max-image-preview:large, max-video-preview:-1\" \/>\n<link rel=\"canonical\" href=\"https:\/\/sudaylaw.com\/es\/jesus-suday\/\" \/>\n<meta property=\"og:locale\" content=\"es_ES\" \/>\n<meta property=\"og:type\" content=\"article\" \/>\n<meta property=\"og:title\" content=\"Jesus Suday | Lead Immigration Attorney | Suday Law PLLC\" \/>\n<meta property=\"og:description\" content=\"Meet Jesus Suday, lead attorney and founder of Suday Law PLLC. He provides dedicated immigration representation backed by trial experience, client focused service, and a strong record of results.\" \/>\n<meta property=\"og:url\" content=\"https:\/\/sudaylaw.com\/es\/jesus-suday\/\" \/>\n<meta property=\"og:site_name\" content=\"Suday Law, PLLC\" \/>\n<meta property=\"article:publisher\" content=\"https:\/\/www.facebook.com\/profile.php?id=100090077992253\" \/>\n<meta property=\"article:modified_time\" content=\"2026-05-12T15:51:05+00:00\" \/>\n<meta property=\"og:image\" content=\"https:\/\/sudaylaw.com\/wp-content\/uploads\/2025\/07\/Jesus-Suday.jpg\" \/>\n\t<meta property=\"og:image:width\" content=\"1200\" \/>\n\t<meta property=\"og:image:height\" content=\"1500\" \/>\n\t<meta property=\"og:image:type\" content=\"image\/jpeg\" \/>\n<meta name=\"twitter:card\" content=\"summary_large_image\" \/>\n<meta name=\"twitter:label1\" content=\"Tiempo de lectura\" \/>\n\t<meta name=\"twitter:data1\" content=\"2 minutos\" \/>\n<script type=\"application\/ld+json\" class=\"yoast-schema-graph\">{\"@context\":\"https:\/\/schema.org\",\"@graph\":[{\"@type\":[\"WebPage\",\"ProfilePage\"],\"@id\":\"https:\/\/sudaylaw.com\/jesus-suday\/\",\"url\":\"https:\/\/sudaylaw.com\/jesus-suday\/\",\"name\":\"Jesus Suday | Lead Immigration Attorney | Suday Law PLLC\",\"isPartOf\":{\"@id\":\"https:\/\/sudaylaw.com\/#website\"},\"primaryImageOfPage\":{\"@id\":\"https:\/\/sudaylaw.com\/jesus-suday\/#primaryimage\"},\"image\":{\"@id\":\"https:\/\/sudaylaw.com\/jesus-suday\/#primaryimage\"},\"thumbnailUrl\":\"https:\/\/sudaylaw.com\/wp-content\/uploads\/2025\/07\/Jesus-Suday-819x1024.jpg\",\"datePublished\":\"2025-07-06T13:54:11+00:00\",\"dateModified\":\"2026-05-12T15:51:05+00:00\",\"description\":\"Meet Jesus Suday, lead attorney and founder of Suday Law PLLC. He provides dedicated immigration representation backed by trial experience, client focused service, and a strong record of results.\",\"breadcrumb\":{\"@id\":\"https:\/\/sudaylaw.com\/jesus-suday\/#breadcrumb\"},\"inLanguage\":\"es\",\"potentialAction\":[{\"@type\":\"ReadAction\",\"target\":[\"https:\/\/sudaylaw.com\/jesus-suday\/\"]}]},{\"@type\":\"ImageObject\",\"inLanguage\":\"es\",\"@id\":\"https:\/\/sudaylaw.com\/jesus-suday\/#primaryimage\",\"url\":\"https:\/\/sudaylaw.com\/wp-content\/uploads\/2025\/07\/Jesus-Suday-819x1024.jpg\",\"contentUrl\":\"https:\/\/sudaylaw.com\/wp-content\/uploads\/2025\/07\/Jesus-Suday-819x1024.jpg\"},{\"@type\":\"BreadcrumbList\",\"@id\":\"https:\/\/sudaylaw.com\/jesus-suday\/#breadcrumb\",\"itemListElement\":[{\"@type\":\"ListItem\",\"position\":1,\"name\":\"Home\",\"item\":\"https:\/\/sudaylaw.com\/\"},{\"@type\":\"ListItem\",\"position\":2,\"name\":\"Jesus Suday\"}]},{\"@type\":\"WebSite\",\"@id\":\"https:\/\/sudaylaw.com\/#website\",\"url\":\"https:\/\/sudaylaw.com\/\",\"name\":\"Suday Law, PLLC\",\"description\":\"\",\"publisher\":{\"@id\":\"https:\/\/sudaylaw.com\/#organization\"},\"potentialAction\":[{\"@type\":\"SearchAction\",\"target\":{\"@type\":\"EntryPoint\",\"urlTemplate\":\"https:\/\/sudaylaw.com\/?s={search_term_string}\"},\"query-input\":{\"@type\":\"PropertyValueSpecification\",\"valueRequired\":true,\"valueName\":\"search_term_string\"}}],\"inLanguage\":\"es\"},{\"@type\":\"Organization\",\"@id\":\"https:\/\/sudaylaw.com\/#organization\",\"name\":\"Suday Law, PLLC\",\"url\":\"https:\/\/sudaylaw.com\/\",\"logo\":{\"@type\":\"ImageObject\",\"inLanguage\":\"es\",\"@id\":\"https:\/\/sudaylaw.com\/#\/schema\/logo\/image\/\",\"url\":\"https:\/\/sudaylaw.com\/wp-content\/uploads\/2025\/07\/Our-Experience-11-e1752168092730.webp\",\"contentUrl\":\"https:\/\/sudaylaw.com\/wp-content\/uploads\/2025\/07\/Our-Experience-11-e1752168092730.webp\",\"width\":1600,\"height\":1270,\"caption\":\"Suday Law, PLLC\"},\"image\":{\"@id\":\"https:\/\/sudaylaw.com\/#\/schema\/logo\/image\/\"},\"sameAs\":[\"https:\/\/www.facebook.com\/profile.php?id=100090077992253\",\"https:\/\/www.instagram.com\/abogado_suday\"],\"mainEntityOfPage\":{\"@id\":\"https:\/\/sudaylaw.com\/jesus-suday\/\"}}]}<\/script>\n<!-- \/ Yoast SEO plugin. -->","yoast_head_json":{"title":"Jesus Suday | Lead Immigration Attorney | Suday Law PLLC","description":"Meet Jesus Suday, lead attorney and founder of Suday Law PLLC. He provides dedicated immigration representation backed by trial experience, client focused service, and a strong record of results.","robots":{"index":"index","follow":"follow","max-snippet":"max-snippet:-1","max-image-preview":"max-image-preview:large","max-video-preview":"max-video-preview:-1"},"canonical":"https:\/\/sudaylaw.com\/es\/jesus-suday\/","og_locale":"es_ES","og_type":"article","og_title":"Jesus Suday | Lead Immigration Attorney | Suday Law PLLC","og_description":"Meet Jesus Suday, lead attorney and founder of Suday Law PLLC. He provides dedicated immigration representation backed by trial experience, client focused service, and a strong record of results.","og_url":"https:\/\/sudaylaw.com\/es\/jesus-suday\/","og_site_name":"Suday Law, PLLC","article_publisher":"https:\/\/www.facebook.com\/profile.php?id=100090077992253","article_modified_time":"2026-05-12T15:51:05+00:00","og_image":[{"width":1200,"height":1500,"url":"https:\/\/sudaylaw.com\/wp-content\/uploads\/2025\/07\/Jesus-Suday.jpg","type":"image\/jpeg"}],"twitter_card":"summary_large_image","twitter_misc":{"Tiempo de lectura":"2 minutos"},"schema":{"@context":"https:\/\/schema.org","@graph":[{"@type":["WebPage","ProfilePage"],"@id":"https:\/\/sudaylaw.com\/jesus-suday\/","url":"https:\/\/sudaylaw.com\/jesus-suday\/","name":"Jesus Suday | Lead Immigration Attorney | Suday Law PLLC","isPartOf":{"@id":"https:\/\/sudaylaw.com\/#website"},"primaryImageOfPage":{"@id":"https:\/\/sudaylaw.com\/jesus-suday\/#primaryimage"},"image":{"@id":"https:\/\/sudaylaw.com\/jesus-suday\/#primaryimage"},"thumbnailUrl":"https:\/\/sudaylaw.com\/wp-content\/uploads\/2025\/07\/Jesus-Suday-819x1024.jpg","datePublished":"2025-07-06T13:54:11+00:00","dateModified":"2026-05-12T15:51:05+00:00","description":"Meet Jesus Suday, lead attorney and founder of Suday Law PLLC. He provides dedicated immigration representation backed by trial experience, client focused service, and a strong record of results.","breadcrumb":{"@id":"https:\/\/sudaylaw.com\/jesus-suday\/#breadcrumb"},"inLanguage":"es","potentialAction":[{"@type":"ReadAction","target":["https:\/\/sudaylaw.com\/jesus-suday\/"]}]},{"@type":"ImageObject","inLanguage":"es","@id":"https:\/\/sudaylaw.com\/jesus-suday\/#primaryimage","url":"https:\/\/sudaylaw.com\/wp-content\/uploads\/2025\/07\/Jesus-Suday-819x1024.jpg","contentUrl":"https:\/\/sudaylaw.com\/wp-content\/uploads\/2025\/07\/Jesus-Suday-819x1024.jpg"},{"@type":"BreadcrumbList","@id":"https:\/\/sudaylaw.com\/jesus-suday\/#breadcrumb","itemListElement":[{"@type":"ListItem","position":1,"name":"Home","item":"https:\/\/sudaylaw.com\/"},{"@type":"ListItem","position":2,"name":"Jesus Suday"}]},{"@type":"WebSite","@id":"https:\/\/sudaylaw.com\/#website","url":"https:\/\/sudaylaw.com\/","name":"Suday Law, PLLC","description":"","publisher":{"@id":"https:\/\/sudaylaw.com\/#organization"},"potentialAction":[{"@type":"SearchAction","target":{"@type":"EntryPoint","urlTemplate":"https:\/\/sudaylaw.com\/?s={search_term_string}"},"query-input":{"@type":"PropertyValueSpecification","valueRequired":true,"valueName":"search_term_string"}}],"inLanguage":"es"},{"@type":"Organization","@id":"https:\/\/sudaylaw.com\/#organization","name":"Suday Law, PLLC","url":"https:\/\/sudaylaw.com\/","logo":{"@type":"ImageObject","inLanguage":"es","@id":"https:\/\/sudaylaw.com\/#\/schema\/logo\/image\/","url":"https:\/\/sudaylaw.com\/wp-content\/uploads\/2025\/07\/Our-Experience-11-e1752168092730.webp","contentUrl":"https:\/\/sudaylaw.com\/wp-content\/uploads\/2025\/07\/Our-Experience-11-e1752168092730.webp","width":1600,"height":1270,"caption":"Suday Law, PLLC"},"image":{"@id":"https:\/\/sudaylaw.com\/#\/schema\/logo\/image\/"},"sameAs":["https:\/\/www.facebook.com\/profile.php?id=100090077992253","https:\/\/www.instagram.com\/abogado_suday"],"mainEntityOfPage":{"@id":"https:\/\/sudaylaw.com\/jesus-suday\/"}}]}},"_links":{"self":[{"href":"https:\/\/sudaylaw.com\/es\/wp-json\/wp\/v2\/pages\/1072","targetHints":{"allow":["GET"]}}],"collection":[{"href":"https:\/\/sudaylaw.com\/es\/wp-json\/wp\/v2\/pages"}],"about":[{"href":"https:\/\/sudaylaw.com\/es\/wp-json\/wp\/v2\/types\/page"}],"author":[{"embeddable":true,"href":"https:\/\/sudaylaw.com\/es\/wp-json\/wp\/v2\/users\/1"}],"replies":[{"embeddable":true,"href":"https:\/\/sudaylaw.com\/es\/wp-json\/wp\/v2\/comments?post=1072"}],"version-history":[{"count":10,"href":"https:\/\/sudaylaw.com\/es\/wp-json\/wp\/v2\/pages\/1072\/revisions"}],"predecessor-version":[{"id":1859,"href":"https:\/\/sudaylaw.com\/es\/wp-json\/wp\/v2\/pages\/1072\/revisions\/1859"}],"wp:attachment":[{"href":"https:\/\/sudaylaw.com\/es\/wp-json\/wp\/v2\/media?parent=1072"}],"curies":[{"name":"wp","href":"https:\/\/api.w.org\/{rel}","templated":true}]}}